{"id":779,"date":"2021-12-06T09:46:26","date_gmt":"2021-12-06T08:46:26","guid":{"rendered":"https:\/\/blogg.hivolda.no\/roars\/?page_id=779"},"modified":"2021-12-06T11:45:10","modified_gmt":"2021-12-06T10:45:10","slug":"psykisk-helse","status":"publish","type":"page","link":"https:\/\/blogg.hivolda.no\/roars\/mine-interesser\/psykisk-helse\/","title":{"rendered":"Psykisk helse"},"content":{"rendered":"\n<h2 class=\"wp-block-heading\">Kakerlakken med den stygge frakken<\/h2>\n\n\n\n<p>Norsk animasjonsfilm av Martine Grande. Har deltatt som konsulent og som forfattar i heftet som f\u00f8lgjer med DVD-versjonen. <\/p>\n\n\n\n<p><a href=\"https:\/\/tv.nrk.no\/program\/MSUE10009011\">https:\/\/tv.nrk.no\/program\/MSUE10009011<\/a><\/p>\n\n\n\n<h2 class=\"wp-block-heading\">Vald i n\u00e6re relasjonar<\/h2>\n\n\n\n<p>Prosjekt gjennomf\u00f8rt som samarbeid mellom H\u00f8gskulane i Molde og Volda p\u00e5 oppdrag av Romsdalskommunane. Animasjonane er utf\u00f8rt av Erasmus-studentar ved animasjonslinja ved HVO. Eg var prosjektleiar. <\/p>\n\n\n\n<ul><li><a href=\"https:\/\/youtu.be\/f8GFjcnZcR0\">S\u00f8sken<\/a><\/li><li><a href=\"https:\/\/youtu.be\/mDVlzSSFN4w\">Tegnetimen<\/a><\/li><li><a href=\"https:\/\/youtu.be\/op8q4Qie3-Q\">Kj\u00e6resten<\/a><\/li><li><a href=\"https:\/\/youtu.be\/iFipT8jcNyE\">Demens<\/a><\/li><\/ul>\n","protected":false},"excerpt":{"rendered":"<p>Kakerlakken med den stygge frakken Norsk animasjonsfilm av Martine Grande. Har deltatt som konsulent og som forfattar i heftet som f\u00f8lgjer med DVD-versjonen. https:\/\/tv.nrk.no\/program\/MSUE10009011 Vald i n\u00e6re relasjonar Prosjekt gjennomf\u00f8rt som samarbeid mellom H\u00f8gskulane i Molde og Volda p\u00e5 oppdrag av Romsdalskommunane. Animasjonane er utf\u00f8rt av Erasmus-studentar ved animasjonslinja ved HVO. Eg var prosjektleiar. S\u00f8sken &hellip; <a href=\"https:\/\/blogg.hivolda.no\/roars\/mine-interesser\/psykisk-helse\/\" class=\"more-link\">Fortsett \u00e5 lese<span class=\"screen-reader-text\"> \u00abPsykisk helse\u00bb<\/span><\/a><\/p>\n","protected":false},"author":86,"featured_media":0,"parent":764,"menu_order":0,"comment_status":"closed","ping_status":"closed","template":"","meta":{"footnotes":""},"post_mailing_queue_ids":[],"_links":{"self":[{"href":"https:\/\/blogg.hivolda.no\/roars\/wp-json\/wp\/v2\/pages\/779"}],"collection":[{"href":"https:\/\/blogg.hivolda.no\/roars\/wp-json\/wp\/v2\/pages"}],"about":[{"href":"https:\/\/blogg.hivolda.no\/roars\/wp-json\/wp\/v2\/types\/page"}],"author":[{"embeddable":true,"href":"https:\/\/blogg.hivolda.no\/roars\/wp-json\/wp\/v2\/users\/86"}],"replies":[{"embeddable":true,"href":"https:\/\/blogg.hivolda.no\/roars\/wp-json\/wp\/v2\/comments?post=779"}],"version-history":[{"count":1,"href":"https:\/\/blogg.hivolda.no\/roars\/wp-json\/wp\/v2\/pages\/779\/revisions"}],"predecessor-version":[{"id":780,"href":"https:\/\/blogg.hivolda.no\/roars\/wp-json\/wp\/v2\/pages\/779\/revisions\/780"}],"up":[{"embeddable":true,"href":"https:\/\/blogg.hivolda.no\/roars\/wp-json\/wp\/v2\/pages\/764"}],"wp:attachment":[{"href":"https:\/\/blogg.hivolda.no\/roars\/wp-json\/wp\/v2\/media?parent=779"}],"curies":[{"name":"wp","href":"https:\/\/api.w.org\/{rel}","templated":true}]}}