{"id":573,"date":"2018-11-04T16:12:24","date_gmt":"2018-11-04T15:12:24","guid":{"rendered":"https:\/\/blogg.hivolda.no\/roars\/?page_id=573"},"modified":"2018-11-14T23:04:17","modified_gmt":"2018-11-14T22:04:17","slug":"induktiv-analyse-av-data","status":"publish","type":"page","link":"https:\/\/blogg.hivolda.no\/roars\/mine-interesser\/a-skrive-oppgaver\/induktiv-analyse-av-data\/","title":{"rendered":"Induktiv analyse av data"},"content":{"rendered":"<p>Analyse av kvalitative data handlar om \u00e5 finne m\u00f8nster i det som vert sagt. Desse m\u00f8nstra er i praksis tema som svarar p\u00e5 forskingssp\u00f8rsm\u00e5la. Det er fleire strategiar i dette arbeidet, der ulike verkty kan bidra i prosessen p\u00e5 ulike m\u00e5tar. I MaxQDA er strategien \u00e5 f\u00f8rst kode tematisk, og deretter skrive samandrag av innhaldet.<\/p>\n<p>Arbeidsflyten er dermed:<\/p>\n<ul>\n<li>Koding for \u00e5 merke tekstelement med innhaldskategoriar<\/li>\n<li>Skrive samandrag av tekstelementa<\/li>\n<li>Skrive samandrag av samandraga<\/li>\n<li>Nytte samandraga som grunnlag for tekstbearbeiding i rapporten<\/li>\n<\/ul>\n<p><a href=\"https:\/\/blogg.hivolda.no\/roars\/ikt-hjelp\/bruk-av-maxqda\/\">Videoar om bruk av MaxQDA finn du her<\/a><\/p>\n<h4>Koding for \u00e5 merke tekstelement med innhaldskategoriar<\/h4>\n<p>Prosessen er at ein merkar tekstelement med tema som er i samsvar med problemstilling og\/eller forskingssp\u00f8rsm\u00e5l. Om ein har ein gjennomtenkt intervjuguide, er dei sentrale temaa gjerne gitt i denne. I tillegg kan de kome andre tema som er relevante, sj\u00f8lv om ein ikkje tenkte p\u00e5 dei n\u00e5r ein laga intervjuguiden.<\/p>\n<p>Koding gjer ein ved \u00e5 merke tekstensom inneheld det som er relevant for koden. Deretter klikkar ein p\u00e5 ein av dei tre kode-knappane som viser under (Sirkelen med ein strek opp og ein strek ned). Den til venstre kodar med innhaldet i nedtrekksboksen, den i midten lagar ny kode og den til h\u00f8gra lagar ei ny kode med utgangspunkt i starten av den teksten som er merka.<\/p>\n<p><img loading=\"lazy\" decoding=\"async\" class=\"alignnone wp-image-578 size-medium\" src=\"https:\/\/blogg.hivolda.no\/roars\/wp-content\/uploads\/sites\/85\/2018\/11\/Skjermbilde-2018-11-04-kl.-13.36.31-300x23.png\" alt=\"\" width=\"300\" height=\"23\" srcset=\"https:\/\/blogg.hivolda.no\/roars\/wp-content\/uploads\/sites\/85\/2018\/11\/Skjermbilde-2018-11-04-kl.-13.36.31-300x23.png 300w, https:\/\/blogg.hivolda.no\/roars\/wp-content\/uploads\/sites\/85\/2018\/11\/Skjermbilde-2018-11-04-kl.-13.36.31.png 399w\" sizes=\"(max-width: 300px) 85vw, 300px\" \/><\/p>\n<p>N\u00e5r ein klikkar p\u00e5 ein av desse, viser koden til venstre for den teksten som er merka.<\/p>\n<p><img loading=\"lazy\" decoding=\"async\" class=\"alignnone wp-image-580 size-medium\" src=\"https:\/\/blogg.hivolda.no\/roars\/wp-content\/uploads\/sites\/85\/2018\/11\/Skjermbilde-2018-11-04-kl.-13.41.29-300x56.png\" alt=\"\" width=\"300\" height=\"56\" srcset=\"https:\/\/blogg.hivolda.no\/roars\/wp-content\/uploads\/sites\/85\/2018\/11\/Skjermbilde-2018-11-04-kl.-13.41.29-300x56.png 300w, https:\/\/blogg.hivolda.no\/roars\/wp-content\/uploads\/sites\/85\/2018\/11\/Skjermbilde-2018-11-04-kl.-13.41.29.png 733w\" sizes=\"(max-width: 300px) 85vw, 300px\" \/><\/p>\n<h4>Skrive samandrag av tekstelementa<\/h4>\n<p>N\u00e5r ein skal skrive samandrag av tekstelementa, nyttar ein verktyet &laquo;summary grid&raquo;. Dette ligg under fanen &laquo;Analysis&raquo;.\u00a0<img loading=\"lazy\" decoding=\"async\" class=\"alignnone wp-image-581 size-medium\" src=\"https:\/\/blogg.hivolda.no\/roars\/wp-content\/uploads\/sites\/85\/2018\/11\/Skjermbilde-2018-11-04-kl.-13.44.00-300x51.png\" alt=\"\" width=\"300\" height=\"51\" srcset=\"https:\/\/blogg.hivolda.no\/roars\/wp-content\/uploads\/sites\/85\/2018\/11\/Skjermbilde-2018-11-04-kl.-13.44.00-300x51.png 300w, https:\/\/blogg.hivolda.no\/roars\/wp-content\/uploads\/sites\/85\/2018\/11\/Skjermbilde-2018-11-04-kl.-13.44.00.png 661w\" sizes=\"(max-width: 300px) 85vw, 300px\" \/><\/p>\n<p>Det som kjem opp i &laquo;Summary Grid&raquo;, er dei dokumenta og kodane som er aktiverte (Er raude). I dette tilfellet kjem det opp ein tabell som inneheld ein kode og to dokument.\u00a0I dette d\u00f8met, er det berre koden &laquo;stolt&raquo; som vert nytta. Dette skuldast at det er berre dette elementet som er tatt ut av intervju p\u00e5 omlag ein time.<\/p>\n<p><img loading=\"lazy\" decoding=\"async\" class=\"alignnone wp-image-582 size-medium\" src=\"https:\/\/blogg.hivolda.no\/roars\/wp-content\/uploads\/sites\/85\/2018\/11\/Skjermbilde-2018-11-04-kl.-13.46.34-300x205.png\" alt=\"\" width=\"300\" height=\"205\" srcset=\"https:\/\/blogg.hivolda.no\/roars\/wp-content\/uploads\/sites\/85\/2018\/11\/Skjermbilde-2018-11-04-kl.-13.46.34-300x205.png 300w, https:\/\/blogg.hivolda.no\/roars\/wp-content\/uploads\/sites\/85\/2018\/11\/Skjermbilde-2018-11-04-kl.-13.46.34.png 355w\" sizes=\"(max-width: 300px) 85vw, 300px\" \/><\/p>\n<p>Tabellen som kjem opp, ser d\u00e5 slik ut:<\/p>\n<p><a href=\"https:\/\/blogg.hivolda.no\/roars\/wp-content\/uploads\/sites\/85\/2018\/11\/Skjermbilde-2018-11-04-kl.-13.48.31.png\"><img loading=\"lazy\" decoding=\"async\" class=\"alignnone wp-image-583 size-medium\" src=\"https:\/\/blogg.hivolda.no\/roars\/wp-content\/uploads\/sites\/85\/2018\/11\/Skjermbilde-2018-11-04-kl.-13.48.31-300x66.png\" alt=\"\" width=\"300\" height=\"66\" srcset=\"https:\/\/blogg.hivolda.no\/roars\/wp-content\/uploads\/sites\/85\/2018\/11\/Skjermbilde-2018-11-04-kl.-13.48.31-300x66.png 300w, https:\/\/blogg.hivolda.no\/roars\/wp-content\/uploads\/sites\/85\/2018\/11\/Skjermbilde-2018-11-04-kl.-13.48.31-768x170.png 768w, https:\/\/blogg.hivolda.no\/roars\/wp-content\/uploads\/sites\/85\/2018\/11\/Skjermbilde-2018-11-04-kl.-13.48.31.png 962w\" sizes=\"(max-width: 300px) 85vw, 300px\" \/><\/a><\/p>\n<p>Under &laquo;Summary&raquo; til h\u00f8gre skriv du samandraget ditt. T.d.: &laquo;Alle (brukarar og personale) vert involvert og respektert p\u00e5 lik linje.&raquo;<\/p>\n<p>N\u00e5r der er samandrag vert ruta til vestre gr\u00f8n, slik:<\/p>\n<p><img loading=\"lazy\" decoding=\"async\" class=\"alignnone wp-image-584\" src=\"https:\/\/blogg.hivolda.no\/roars\/wp-content\/uploads\/sites\/85\/2018\/11\/Skjermbilde-2018-11-04-kl.-13.51.43.png\" alt=\"\" width=\"218\" height=\"95\" \/><\/p>\n<h4>Skrive samandrag av samandraga<\/h4>\n<p>Du skriv samandrag av samandraga ved hjelp av verkyet &laquo;summary table&raquo;.<\/p>\n<p>Dette er litt fleire steg, s\u00e5 her kan det vere nyttig med <a href=\"https:\/\/www.youtube.com\/watch?v=20fQDSuMtHI\">denne videoen<\/a>.<\/p>\n<h4>Nytte samandraga som grunnlag for tekstbearbeiding i rapporten<\/h4>\n<p>Kopier teksten fr\u00e5 tabellane med samandrag. Start med eit utval av samandraga du skreiv i &laquo;Summary Grid&raquo;, legg til nokre sitat fr\u00e5 teksten som du nytta som grunnlag for samandraga for \u00e5 illustrere poenga dine, og avslutt med oppsummeringa du skreiv som samandrag av samandraga.<\/p>\n<p>&nbsp;<\/p>\n<p>&nbsp;<\/p>\n<h4><\/h4>\n","protected":false},"excerpt":{"rendered":"<p>Analyse av kvalitative data handlar om \u00e5 finne m\u00f8nster i det som vert sagt. Desse m\u00f8nstra er i praksis tema som svarar p\u00e5 forskingssp\u00f8rsm\u00e5la. Det er fleire strategiar i dette arbeidet, der ulike verkty kan bidra i prosessen p\u00e5 ulike m\u00e5tar. I MaxQDA er strategien \u00e5 f\u00f8rst kode tematisk, og deretter skrive samandrag av innhaldet. &hellip; <a href=\"https:\/\/blogg.hivolda.no\/roars\/mine-interesser\/a-skrive-oppgaver\/induktiv-analyse-av-data\/\" class=\"more-link\">Fortsett \u00e5 lese<span class=\"screen-reader-text\"> \u00abInduktiv analyse av data\u00bb<\/span><\/a><\/p>\n","protected":false},"author":86,"featured_media":0,"parent":311,"menu_order":0,"comment_status":"closed","ping_status":"closed","template":"","meta":{"footnotes":""},"post_mailing_queue_ids":[],"_links":{"self":[{"href":"https:\/\/blogg.hivolda.no\/roars\/wp-json\/wp\/v2\/pages\/573"}],"collection":[{"href":"https:\/\/blogg.hivolda.no\/roars\/wp-json\/wp\/v2\/pages"}],"about":[{"href":"https:\/\/blogg.hivolda.no\/roars\/wp-json\/wp\/v2\/types\/page"}],"author":[{"embeddable":true,"href":"https:\/\/blogg.hivolda.no\/roars\/wp-json\/wp\/v2\/users\/86"}],"replies":[{"embeddable":true,"href":"https:\/\/blogg.hivolda.no\/roars\/wp-json\/wp\/v2\/comments?post=573"}],"version-history":[{"count":11,"href":"https:\/\/blogg.hivolda.no\/roars\/wp-json\/wp\/v2\/pages\/573\/revisions"}],"predecessor-version":[{"id":598,"href":"https:\/\/blogg.hivolda.no\/roars\/wp-json\/wp\/v2\/pages\/573\/revisions\/598"}],"up":[{"embeddable":true,"href":"https:\/\/blogg.hivolda.no\/roars\/wp-json\/wp\/v2\/pages\/311"}],"wp:attachment":[{"href":"https:\/\/blogg.hivolda.no\/roars\/wp-json\/wp\/v2\/media?parent=573"}],"curies":[{"name":"wp","href":"https:\/\/api.w.org\/{rel}","templated":true}]}}