{"id":445,"date":"2018-02-14T18:40:16","date_gmt":"2018-02-14T17:40:16","guid":{"rendered":"https:\/\/blogg.hivolda.no\/roars\/?page_id=445"},"modified":"2018-02-14T19:04:07","modified_gmt":"2018-02-14T18:04:07","slug":"computer-assisted-qualitative-data-analysis-caqdas","status":"publish","type":"page","link":"https:\/\/blogg.hivolda.no\/roars\/computer-assisted-qualitative-data-analysis-caqdas\/","title":{"rendered":"Computer Assisted Qualitative Data Analysis (CAQDAS)"},"content":{"rendered":"<p>Ikkje automatisert koding &#8211; men hjelp<\/p>\n<p>Det meste ein kan gjere i SPSS kan ein gjere i Excel p\u00e5 ein mindre effektiv m\u00e5te<\/p>\n<p>Det meste ein kan gjere i CAQDAS kan ein gjere i Word &#8211; p\u00e5 ein mindre effektiv m\u00e5te.<\/p>\n<p>Eg saknar eit verkty vi kan tilby studentar og kollegaer &#8211; og som er enkelt \u00e5 bruke.<\/p>\n<p>Vi har 30 maskiner med nVivo &#8211; 14 p\u00e5 datasalar &#8211; 16 p\u00e5 tilsettmaskiner. (Og kanskje fleire enn meg som har t.d. NTNU-lisens p\u00e5 det) Dei einaste som eg har funne ut nyttar det aktivt er stipendiatane. Resten er folk som har intensjonar eller som ein gong nytta det. Eg tenkjer dermed mitt om programmet&#8230;<\/p>\n<p>Dataverktyet b\u00f8r vere s\u00e5 transparent som r\u00e5d<\/p>\n<p>Dess mindre krefter p\u00e5 verktyet &#8211; dess meir krefter p\u00e5 innhaldet.<\/p>\n<p>Eg har nytta nVivo, HyperResearch og MAXQDA. Sm\u00e5 skilnader &#8211; men normal koding og gruppering kan ein i alle. Det siste er det enklaste.<\/p>\n<p>Eg nytta det i 122-kurset p\u00e5 sosialtarbeidarutdanninga &#8211; nesten ingen sp\u00f8rsm\u00e5l om tekniske ting. I tillegg &#8211; kliss likt p\u00e5 Mac og Windows.<\/p>\n<p>Det er vanskeleg nok \u00e5 kome i gang med forsking, om ikkje verktyet ogs\u00e5 skal vere ei barri\u00e6re.<\/p>\n<p>&nbsp;<\/p>\n<p>Der er tre utg\u00e5ver:<\/p>\n<p>1) Standard som st\u00f8ttar kvalitativ analyse<br \/>\n2) Plus, som i tillegg har st\u00f8tte for kvantitativ tekstanalyse<br \/>\n3) Pro, som i tillegg til kvantitativ tekstanalyse ogs\u00e5 har st\u00f8tte for statistisk analyse.<\/p>\n<p>Eg tenkjer at det er versjon 1 dei aller fleste treng.<\/p>\n<p>S\u00e5 er der to modellar for lisensar:<\/p>\n<p>1) ein kj\u00f8per lisens &#8211; og har den for alltid (eller i det minste til ein f\u00f8ler at ein m\u00e5 oppgradere). (ca $500)<br \/>\n2) at ein leiger lisens &#8211; og m\u00e5 fornye avtalen kvart \u00e5r. (ca $140 per \u00e5r)<\/p>\n<p>Om vi kj\u00f8per 15 lesensar f\u00e5r vi 25% rabatt.<\/p>\n<p>Eg tenkjer at det er betre \u00e5 leige enn \u00e5 kj\u00f8pe. D\u00e5 mister dei som ikkje brukar programmet lenger tilgang &#8211; og det b\u00f8r vel vere ein fordel. Og om nokon treng det i 4 \u00e5r, s\u00e5 kostar det litt meir &#8211; men d\u00e5 har det sikkert kome ei oppgradering ogs\u00e5\u2026.<\/p>\n<p>Det tredje alternativet er at vi kj\u00f8per campus-lisens. Det vil kome p\u00e5 omlag $10 000 per \u00e5r &#8211; s\u00e5 f\u00f8r det l\u00f8ner seg er vi oppe i ca 90 lisensar.<\/p>\n<p>&nbsp;<\/p>\n<p><img loading=\"lazy\" decoding=\"async\" class=\"aligncenter wp-image-448 size-large\" src=\"https:\/\/blogg.hivolda.no\/roars\/wp-content\/uploads\/sites\/85\/2018\/02\/Qualitative_Research_MAXQDA-1024x585.png\" alt=\"\" width=\"980\" height=\"560\" srcset=\"https:\/\/blogg.hivolda.no\/roars\/wp-content\/uploads\/sites\/85\/2018\/02\/Qualitative_Research_MAXQDA-1024x585.png 1024w, https:\/\/blogg.hivolda.no\/roars\/wp-content\/uploads\/sites\/85\/2018\/02\/Qualitative_Research_MAXQDA-300x171.png 300w, https:\/\/blogg.hivolda.no\/roars\/wp-content\/uploads\/sites\/85\/2018\/02\/Qualitative_Research_MAXQDA-768x439.png 768w, https:\/\/blogg.hivolda.no\/roars\/wp-content\/uploads\/sites\/85\/2018\/02\/Qualitative_Research_MAXQDA.png 2000w\" sizes=\"(max-width: 709px) 85vw, (max-width: 909px) 67vw, (max-width: 1362px) 62vw, 840px\" \/><img loading=\"lazy\" decoding=\"async\" class=\"aligncenter wp-image-449 size-large\" src=\"https:\/\/blogg.hivolda.no\/roars\/wp-content\/uploads\/sites\/85\/2018\/02\/maxresdefault-1024x640.jpg\" alt=\"\" width=\"980\" height=\"613\" srcset=\"https:\/\/blogg.hivolda.no\/roars\/wp-content\/uploads\/sites\/85\/2018\/02\/maxresdefault-1024x640.jpg 1024w, https:\/\/blogg.hivolda.no\/roars\/wp-content\/uploads\/sites\/85\/2018\/02\/maxresdefault-300x188.jpg 300w, https:\/\/blogg.hivolda.no\/roars\/wp-content\/uploads\/sites\/85\/2018\/02\/maxresdefault-768x480.jpg 768w, https:\/\/blogg.hivolda.no\/roars\/wp-content\/uploads\/sites\/85\/2018\/02\/maxresdefault.jpg 1152w\" sizes=\"(max-width: 709px) 85vw, (max-width: 909px) 67vw, (max-width: 1362px) 62vw, 840px\" \/><\/p>\n","protected":false},"excerpt":{"rendered":"<p>Ikkje automatisert koding &#8211; men hjelp Det meste ein kan gjere i SPSS kan ein gjere i Excel p\u00e5 ein mindre effektiv m\u00e5te Det meste ein kan gjere i CAQDAS kan ein gjere i Word &#8211; p\u00e5 ein mindre effektiv m\u00e5te. Eg saknar eit verkty vi kan tilby studentar og kollegaer &#8211; og som er &hellip; <a href=\"https:\/\/blogg.hivolda.no\/roars\/computer-assisted-qualitative-data-analysis-caqdas\/\" class=\"more-link\">Fortsett \u00e5 lese<span class=\"screen-reader-text\"> \u00abComputer Assisted Qualitative Data Analysis (CAQDAS)\u00bb<\/span><\/a><\/p>\n","protected":false},"author":86,"featured_media":0,"parent":0,"menu_order":0,"comment_status":"closed","ping_status":"closed","template":"","meta":{"footnotes":""},"post_mailing_queue_ids":[],"_links":{"self":[{"href":"https:\/\/blogg.hivolda.no\/roars\/wp-json\/wp\/v2\/pages\/445"}],"collection":[{"href":"https:\/\/blogg.hivolda.no\/roars\/wp-json\/wp\/v2\/pages"}],"about":[{"href":"https:\/\/blogg.hivolda.no\/roars\/wp-json\/wp\/v2\/types\/page"}],"author":[{"embeddable":true,"href":"https:\/\/blogg.hivolda.no\/roars\/wp-json\/wp\/v2\/users\/86"}],"replies":[{"embeddable":true,"href":"https:\/\/blogg.hivolda.no\/roars\/wp-json\/wp\/v2\/comments?post=445"}],"version-history":[{"count":4,"href":"https:\/\/blogg.hivolda.no\/roars\/wp-json\/wp\/v2\/pages\/445\/revisions"}],"predecessor-version":[{"id":451,"href":"https:\/\/blogg.hivolda.no\/roars\/wp-json\/wp\/v2\/pages\/445\/revisions\/451"}],"wp:attachment":[{"href":"https:\/\/blogg.hivolda.no\/roars\/wp-json\/wp\/v2\/media?parent=445"}],"curies":[{"name":"wp","href":"https:\/\/api.w.org\/{rel}","templated":true}]}}