{"id":391,"date":"2017-11-09T17:20:00","date_gmt":"2017-11-09T16:20:00","guid":{"rendered":"https:\/\/blogg.hivolda.no\/roars\/?page_id=391"},"modified":"2017-11-09T17:48:04","modified_gmt":"2017-11-09T16:48:04","slug":"bruk-av-canvas","status":"publish","type":"page","link":"https:\/\/blogg.hivolda.no\/roars\/ikt-hjelp\/bruk-av-canvas\/","title":{"rendered":"Bruk av Canvas"},"content":{"rendered":"<p dir=\"auto\">Om du nyttar Canvas p\u00e5 mobiltelefon eller nettbrett, r\u00e5r vi til at du laster ned appen. D\u00e5 f\u00e5r du b\u00e5de meldingar p\u00e5 telefonen utan \u00e5 m\u00e5tte sjekke nettsida, og du f\u00e5r lettare og enklare tilgang til det du treng.<\/p>\n<p>S\u00f8k etter &laquo;Canvas&raquo; og last ned &laquo;Canvas by Instructure&raquo;.<\/p>\n<p>N\u00e5r du startar appen, s\u00f8kjer du etter &laquo;Volda&raquo; og legg inn brukarnamnet og passordet ditt.<\/p>\n<ul> \t<\/p>\n<li><a href=\"https:\/\/www.youtube.com\/watch?v=qIdVxl-wfXc\">Innlevering av oppg\u00e5ver<\/a><\/li>\n<p> \t<\/p>\n<li><a href=\"https:\/\/www.youtube.com\/watch?v=YjXOcF7liDU\">Ein kort introduksjon til Canvas p\u00e5 Mac\/PC&nbsp;&nbsp;&nbsp;&nbsp;&nbsp;<\/a>&nbsp;&#8211; <a title=\"Intro til Canvas\" href=\"https:\/\/hivolda.instructure.com\/courses\/1395\/pages\/intro-til-canvas\">Tekstversjon her<\/a><\/li>\n<\/ul>\n<p>&nbsp;<\/p>\n","protected":false},"excerpt":{"rendered":"<p>Om du nyttar Canvas p\u00e5 mobiltelefon eller nettbrett, r\u00e5r vi til at du laster ned appen. D\u00e5 f\u00e5r du b\u00e5de meldingar p\u00e5 telefonen utan \u00e5 m\u00e5tte sjekke nettsida, og du f\u00e5r lettare og enklare tilgang til det du treng. S\u00f8k etter &laquo;Canvas&raquo; og last ned &laquo;Canvas by Instructure&raquo;. N\u00e5r du startar appen, s\u00f8kjer du etter &hellip; <a href=\"https:\/\/blogg.hivolda.no\/roars\/ikt-hjelp\/bruk-av-canvas\/\" class=\"more-link\">Fortsett \u00e5 lese<span class=\"screen-reader-text\"> \u00abBruk av Canvas\u00bb<\/span><\/a><\/p>\n","protected":false},"author":86,"featured_media":0,"parent":378,"menu_order":0,"comment_status":"closed","ping_status":"closed","template":"","meta":{"footnotes":""},"post_mailing_queue_ids":[],"_links":{"self":[{"href":"https:\/\/blogg.hivolda.no\/roars\/wp-json\/wp\/v2\/pages\/391"}],"collection":[{"href":"https:\/\/blogg.hivolda.no\/roars\/wp-json\/wp\/v2\/pages"}],"about":[{"href":"https:\/\/blogg.hivolda.no\/roars\/wp-json\/wp\/v2\/types\/page"}],"author":[{"embeddable":true,"href":"https:\/\/blogg.hivolda.no\/roars\/wp-json\/wp\/v2\/users\/86"}],"replies":[{"embeddable":true,"href":"https:\/\/blogg.hivolda.no\/roars\/wp-json\/wp\/v2\/comments?post=391"}],"version-history":[{"count":2,"href":"https:\/\/blogg.hivolda.no\/roars\/wp-json\/wp\/v2\/pages\/391\/revisions"}],"predecessor-version":[{"id":394,"href":"https:\/\/blogg.hivolda.no\/roars\/wp-json\/wp\/v2\/pages\/391\/revisions\/394"}],"up":[{"embeddable":true,"href":"https:\/\/blogg.hivolda.no\/roars\/wp-json\/wp\/v2\/pages\/378"}],"wp:attachment":[{"href":"https:\/\/blogg.hivolda.no\/roars\/wp-json\/wp\/v2\/media?parent=391"}],"curies":[{"name":"wp","href":"https:\/\/api.w.org\/{rel}","templated":true}]}}