{"id":346,"date":"2017-09-21T20:59:37","date_gmt":"2017-09-21T18:59:37","guid":{"rendered":"https:\/\/blogg.hivolda.no\/roars\/?page_id=346"},"modified":"2020-10-14T20:10:02","modified_gmt":"2020-10-14T18:10:02","slug":"om-meg","status":"publish","type":"page","link":"https:\/\/blogg.hivolda.no\/roars\/om-meg\/","title":{"rendered":"Om meg"},"content":{"rendered":"<h3>Utdanning<\/h3>\n<ul>\n<li>PhD i organisasjon og leiing fr\u00e5 NTNU<\/li>\n<li>Hovudfag i pedagogisk informasjonsvitskap fr\u00e5 Universitetet i Bergen<\/li>\n<li>L\u00e6rarutdanning fr\u00e5 H\u00f8gskulen i Volda, H\u00f8gskolen i Agder og H\u00f8gskulen Stord\/Haugesund<\/li>\n<\/ul>\n<h3>Arbeidserfaring<\/h3>\n<ul>\n<li>F\u00f8rsteamanuensis ved H\u00f8gskulen i Volda, Institutt for sosialfag<\/li>\n<li>F\u00f8rsteamanuensis II ved NTNU Handelsh\u00f8yskolen<\/li>\n<li>Helsetenesteforskar ved Helse M\u00f8re og Romsdal<\/li>\n<li>Grunnskulel\u00e6rar i \u00d8rsta, Sola og Sandnes<\/li>\n<li>Inspekt\u00f8r i \u00d8rsta<\/li>\n<li>Prosjektleiar ved H\u00f8gskulen i Volda<\/li>\n<li>H\u00f8gskulel\u00e6rar ved H\u00f8gskulen i Volda, IKT for l\u00e6rarar<\/li>\n<li>St\u00f8ttekontakt til fysisk og psykisk utviklingshindra<\/li>\n<\/ul>\n<h3>Arbeidsoppg\u00e5ver utanom undervisning:<\/h3>\n<ul>\n<li>Innf\u00f8ring av Canvas ved HVO<\/li>\n<li>Innf\u00f8ring av Leganto ved HVO<\/li>\n<li>Innf\u00f8ring og utvikling av mobiltelefonbasert oppm\u00f8teregistrering (NOA) ved HVO<\/li>\n<\/ul>\n<h3>Nokre publiseringar<\/h3>\n<ul>\n<li class=\"p1\"><a href=\"https:\/\/www.researchgate.net\/publication\/282642641_Janusian_Liminality_A_key_to_the_accountability_of_the_equality_between_users_and_professionals_in_patient_education_in_Norway\">Stokken, R. (2015). <i>Janusian liminality : a key to the accountability of the equality between users and professionals in patient education in Norway.<\/i> (PhD), Norwegian University of Science and Technology, Faculty of Social Sciences and Technology Management, Trondheim. <span class=\"Apple-converted-space\">\u00a0 <\/span>(2015:156)<\/a><\/li>\n<li class=\"p1\"><a href=\"https:\/\/www.ncbi.nlm.nih.gov\/pmc\/articles\/PMC5060639\/\">Stokken, R. (2013). (Un)organizing equal collaboration between users and professionals: on management of patient education in Norway. <i>Health Expectations, 16<\/i>(1), 32-42.<\/a><\/li>\n<li class=\"p1\">Stokken, R., &amp; Eikli, G. (2012). Living a Healthier Life \u2013 Online : on uniting professional and experiential knowledge in online self-help groups. In \u00c5. Smedberg (Ed.), <i>E-Health Communities and Online Self-Help Groups: Applications and Usage<\/i>. Hershey PA , USA: IGI Global.<\/li>\n<li class=\"p1\"><a href=\"http:\/\/triggered.stanford.clockss.org\/ServeContent?url=http%3A%2F%2Fbaywood.stanford.clockss.org%2FBWSH%2FBAWOOD_BWSH_6_1%2F1553003773UR15L2.pdf\">Stokken, R., Barstad, J., &amp; Thokle, G. (2012). Impeding or Promoting a Grassroots Phenomenon?\u2014On Self-Help Projects as Public Sector Means in Norway. <i>International Journal of Self Help and Self Care, 6<\/i>(1), 89-113.<\/a><\/li>\n<li class=\"p1\">Stokken, R., &amp; Eikli, G. (2011). Den digitale konfirmanten : om nettst\u00f8tte i trusoppl\u00e6ringa. In A. Simones (Ed.), <i style=\"font-family: -apple-system, BlinkMacSystemFont, 'Segoe UI', Roboto, Oxygen-Sans, Ubuntu, Cantarell, 'Helvetica Neue', sans-serif\">Digital trusoppl\u00e6ring<\/i><span style=\"font-family: -apple-system, BlinkMacSystemFont, 'Segoe UI', Roboto, Oxygen-Sans, Ubuntu, Cantarell, 'Helvetica Neue', sans-serif\"> (pp. 35-57). Trondheim: Tapir akademisk forl., cop. 2011.<\/span><\/li>\n<li class=\"p1\">Stokken, R., &amp; Gabrielsson-J\u00e4rhult, F. (2010). From Talk to Text &#8211; On a New Computer System, Discharge Planning and Instrumentalism. <i style=\"font-family: -apple-system, BlinkMacSystemFont, 'Segoe UI', Roboto, Oxygen-Sans, Ubuntu, Cantarell, 'Helvetica Neue', sans-serif\">Journal of Risk and Governance, 1<\/i><span style=\"font-family: -apple-system, BlinkMacSystemFont, 'Segoe UI', Roboto, Oxygen-Sans, Ubuntu, Cantarell, 'Helvetica Neue', sans-serif\"><span style=\"font-family: -apple-system, BlinkMacSystemFont, 'Segoe UI', Roboto, Oxygen-Sans, Ubuntu, Cantarell, 'Helvetica Neue', sans-serif\">(4).<\/span><\/span><\/li>\n<li class=\"p1\">Stokken, R. (2009). Some are more equal than others\u2026<span class=\"Apple-converted-space\" style=\"font-family: -apple-system, BlinkMacSystemFont, 'Segoe UI', Roboto, Oxygen-Sans, Ubuntu, Cantarell, 'Helvetica Neue', sans-serif\">\u00a0 <\/span><span style=\"font-family: -apple-system, BlinkMacSystemFont, 'Segoe UI', Roboto, Oxygen-Sans, Ubuntu, Cantarell, 'Helvetica Neue', sans-serif\">On how health workers cope with ideas that seems impossible to practice. <\/span><i style=\"font-family: -apple-system, BlinkMacSystemFont, 'Segoe UI', Roboto, Oxygen-Sans, Ubuntu, Cantarell, 'Helvetica Neue', sans-serif\">Journal of Risk and Governance, 1<\/i><span style=\"font-family: -apple-system, BlinkMacSystemFont, 'Segoe UI', Roboto, Oxygen-Sans, Ubuntu, Cantarell, 'Helvetica Neue', sans-serif\"><span style=\"font-family: -apple-system, BlinkMacSystemFont, 'Segoe UI', Roboto, Oxygen-Sans, Ubuntu, Cantarell, 'Helvetica Neue', sans-serif\">(3), 247-258.<\/span><\/span><\/li>\n<li class=\"p1\"><a href=\"https:\/\/link.springer.com\/article\/10.1057\/sth.2008.22\">Stokken, R. (2009). The patient educated patient &#8211; a health care asset or problem? <i style=\"font-family: -apple-system, BlinkMacSystemFont, 'Segoe UI', Roboto, Oxygen-Sans, Ubuntu, Cantarell, 'Helvetica Neue', sans-serif\">Social Theory &amp; Health, 7<\/i><span style=\"font-family: -apple-system, BlinkMacSystemFont, 'Segoe UI', Roboto, Oxygen-Sans, Ubuntu, Cantarell, 'Helvetica Neue', sans-serif\">(2), 81-99.<\/span><\/a><\/li>\n<li class=\"p1\">Stokken, R. (2008). Den kunnskapsrike pasienten. In A. H. Tjora (Ed.), <i style=\"font-family: -apple-system, BlinkMacSystemFont, 'Segoe UI', Roboto, Oxygen-Sans, Ubuntu, Cantarell, 'Helvetica Neue', sans-serif\">Den Moderne pasienten<\/i><span style=\"font-family: -apple-system, BlinkMacSystemFont, 'Segoe UI', Roboto, Oxygen-Sans, Ubuntu, Cantarell, 'Helvetica Neue', sans-serif\"> (pp. 57-75). Oslo: Gyldendal Akademisk.<\/span><\/li>\n<\/ul>\n<h3>Mastergradsrettleiing<\/h3>\n<p>Eg har rettleia f\u00f8lgjande mastergradsoppg\u00e5ver ved NTNU Handelsh\u00f8yskolen og H\u00f8gskulen i Volda:<\/p>\n<ul>\n<li><a href=\"https:\/\/brage.bibsys.no\/xmlui\/bitstream\/handle\/11250\/2412415\/Robert%20K.%20Joramo%20og%20Vegard%20Karlsen%20Masteroppgave.pdf?sequence=1&amp;isAllowed=y\">Fra teamledelse til fastledelse &#8211; En kvalitativ studie av de ansattes opplevelse<\/a><\/li>\n<li>Fagprosedyrer i Mesta AS &#8211; En case-studie av grenseobjekter i kunnskapsledelse<\/li>\n<li>Ulike generasjoners oppfattelse av prestasjonsm\u00e5ling<\/li>\n<li>Samarbeid, utfordring, anerkjennesle og meningsfylt arbeid &#8211; Slik blir Ocean Space Centre en attraktiv arbeidsplass for generasjon Y<\/li>\n<li>Motivasjon av konsulenter &#8211; En casestudie av konsulentselskapet Mometo<\/li>\n<li><a href=\"https:\/\/brage.bibsys.no\/xmlui\/bitstream\/handle\/11250\/2412364\/Aleksander%20K.%20Brovold%20og%20Oeystein%20Bratteig%20Masteroppgave.pdf?sequence=1\">Hva er sammenhengen mellom opplevelsen av jobbengasjement og jobbressurser? &#8211; En kvantitativ studie av to norske kunnskapsbedrifter<\/a><\/li>\n<li>Tilrettelegging for mer effektiv kunnskapsdeling<\/li>\n<li>Prestasjonsbasert l\u00f8nn i en kunnskapsbedrift &#8211; fra individuell til kollektiv bonus<\/li>\n<li>Endringsledelse i et bransjeperspektiv &#8211; En casestudie av den norske asfaltbransjen<\/li>\n<li>Hvordan opplever arbeidsinnvandrere fra eks-Jugoslavia norske lederstil?<\/li>\n<li>PRINCE2 as a project management tool &#8211; A cease study of how the methodology influences the performance of project management<\/li>\n<li>Implementering av Lean &#8211; En casestudie av Leans p\u00e5virkning p\u00e5 kulturen i en offshoreorganisasjon<\/li>\n<li>The role of Digital Media Use in a Semi-virtual Project team<\/li>\n<li>Pitching til investorer &#8211; Viktigheten av Prestasjonsfaktorer for Investeringsviljen i Trondheim<\/li>\n<li>Samarbeid i globale team<\/li>\n<li>Bilingvalitet p\u00e5 digitale kommunikasjonsplattformer<\/li>\n<li>Tiln\u00e6rminger til agile metoder for programvareutvikling i Telenor<\/li>\n<li>M&amp;A i energibransjen\u00a0&#8211; En casestudie av norske energiselskap<\/li>\n<li>Anvendelse av endringsledelse i nedgangstider &#8211;\u00a0Et fenomenologisk studie av endringsledelse i en utviklingsprosess<\/li>\n<li>Hvordan oppleves effekten i ulike yrkesgrupper ved sammensl\u00e5ing av to avdelinger i en olje- og energiservicebedrift<\/li>\n<li>\u00d8kt effektivisering ved bruk av Lean og andre tiltak &#8211; En casestudie av Overhalla Betongbygg<\/li>\n<li>2019\n<ul>\n<li>Forretningsutvikling i regnskapsbransjen<\/li>\n<li>Organizational Consequences of Industrial Data Sharing<\/li>\n<li>Organisasjonssosialisering av nyutdannede<\/li>\n<li>Hvordan lykkes mellomledere i produksjonsbedrifter med teknologiske endringsprosesser?<\/li>\n<li>Hvordan kan en digital plattform bidra til bedre praksis blant leger?<\/li>\n<li>El Colmado Hj\u00f8rnesteinsbedriften i nabolaget<\/li>\n<li>Forutsetninger for gode virtuelle m\u00f8ter<\/li>\n<li>\u00d8kt effektivitet i produksjonslinje med lean og kunnskapsdeling<\/li>\n<li>Innovating in a Large and Established Organization<\/li>\n<li>Lederutfordringer og strategier i et omstillingsprosjekt<\/li>\n<li>Etiske utfordringar med digitalt tilsyn<\/li>\n<li>Leadership in Kosovo<\/li>\n<\/ul>\n<\/li>\n<li>\u00a02020\n<ul>\n<li>B\u00e6rekraftig forretningsutvikling i byggebransjen &#8211; et casestudie av Vartdal Plast<\/li>\n<li><span style=\"font-size: inherit\">How do performance measures assist managers in the transition towards sustainable manufacturing in the Norwegian steel industry?<\/span><\/li>\n<li>Innovasjonsprosessen i Glamox<\/li>\n<li><span style=\"font-size: inherit\">Flytende havvind p\u00e5 Helgeland<\/span><\/li>\n<li>Avviksh\u00e5ndtering i ElementPartner AS<\/li>\n<li>AR-implementering p\u00e5 bygg- og anleggsprosjekt<\/li>\n<li>Performance Measurement in Strategic Alliances &#8211;\u00a0A case study of a strategic alliance in the oil and gas industry<\/li>\n<li>Fritt valg av behandlingsted<\/li>\n<\/ul>\n<\/li>\n<li class=\"page\" title=\"Page 1\">\n<div class=\"section\">\n<div class=\"layoutArea\">\n<div class=\"column\"><\/div>\n<\/div>\n<\/div>\n<\/li>\n<\/ul>\n","protected":false},"excerpt":{"rendered":"<p>Utdanning PhD i organisasjon og leiing fr\u00e5 NTNU Hovudfag i pedagogisk informasjonsvitskap fr\u00e5 Universitetet i Bergen L\u00e6rarutdanning fr\u00e5 H\u00f8gskulen i Volda, H\u00f8gskolen i Agder og H\u00f8gskulen Stord\/Haugesund Arbeidserfaring F\u00f8rsteamanuensis ved H\u00f8gskulen i Volda, Institutt for sosialfag F\u00f8rsteamanuensis II ved NTNU Handelsh\u00f8yskolen Helsetenesteforskar ved Helse M\u00f8re og Romsdal Grunnskulel\u00e6rar i \u00d8rsta, Sola og Sandnes Inspekt\u00f8r i &hellip; <a href=\"https:\/\/blogg.hivolda.no\/roars\/om-meg\/\" class=\"more-link\">Fortsett \u00e5 lese<span class=\"screen-reader-text\"> \u00abOm meg\u00bb<\/span><\/a><\/p>\n","protected":false},"author":86,"featured_media":0,"parent":0,"menu_order":0,"comment_status":"closed","ping_status":"closed","template":"","meta":{"footnotes":""},"post_mailing_queue_ids":[],"_links":{"self":[{"href":"https:\/\/blogg.hivolda.no\/roars\/wp-json\/wp\/v2\/pages\/346"}],"collection":[{"href":"https:\/\/blogg.hivolda.no\/roars\/wp-json\/wp\/v2\/pages"}],"about":[{"href":"https:\/\/blogg.hivolda.no\/roars\/wp-json\/wp\/v2\/types\/page"}],"author":[{"embeddable":true,"href":"https:\/\/blogg.hivolda.no\/roars\/wp-json\/wp\/v2\/users\/86"}],"replies":[{"embeddable":true,"href":"https:\/\/blogg.hivolda.no\/roars\/wp-json\/wp\/v2\/comments?post=346"}],"version-history":[{"count":12,"href":"https:\/\/blogg.hivolda.no\/roars\/wp-json\/wp\/v2\/pages\/346\/revisions"}],"predecessor-version":[{"id":754,"href":"https:\/\/blogg.hivolda.no\/roars\/wp-json\/wp\/v2\/pages\/346\/revisions\/754"}],"wp:attachment":[{"href":"https:\/\/blogg.hivolda.no\/roars\/wp-json\/wp\/v2\/media?parent=346"}],"curies":[{"name":"wp","href":"https:\/\/api.w.org\/{rel}","templated":true}]}}