{"id":283,"date":"2017-04-23T16:05:43","date_gmt":"2017-04-23T14:05:43","guid":{"rendered":"https:\/\/blogg.hivolda.no\/roars\/?page_id=283"},"modified":"2017-07-29T18:28:47","modified_gmt":"2017-07-29T16:28:47","slug":"sitering","status":"publish","type":"page","link":"https:\/\/blogg.hivolda.no\/roars\/mine-interesser\/a-skrive-oppgaver\/sitering\/","title":{"rendered":"Referanser"},"content":{"rendered":"<p>Kva stil du vel, er av og til gitt, og av og til ikkje. Om du nyttar referanseverktyet i Word eller EndNote, er det enkelt \u00e5 endre stilen i etterkant. Bruken av sidetal er likevel uavhengig av stil. Reglane er slik:<\/p>\n<ol>\n<li>Om ein siterer ordrett &#8211; ogs\u00e5 kalla direkte sitat &#8211; d\u00e5 skal det alltid vere sidetal.<\/li>\n<li>Om foretar ei lett omskriving, viser til d\u00f8me, konkrete opplysningar, tabellar eller liknande,- d\u00e5 skal det alltid vere sidetal.<\/li>\n<li>Om ein viser til at kjelda har eit gjennomg\u00e5ande tema, viser til hovudlinjer eller hovudkonklusjonar &#8211; som strekkjer seg over mange sider &#8211; d\u00e5 er det ofte naturleg \u00e5 sl\u00f8yfe sidetal. F\u00f8resetnaden er at dei som kjenner kjelda vil vere samde med deg om at dette er ei hovudsak i kjelda.<\/li>\n<\/ol>\n<p>Etter mitt vit, er den beste ressursen for hjelp til referanser \u00e5 finne p\u00e5 <a href=\"http:\/\/kildekompasset.no\/referansestiler\/apa-6th.aspx\">kildekompasset<\/a><\/p>\n<p>Det kan likevel vere bra med nokre d\u00f8me. Alle d\u00f8ma under er henta fr\u00e5:<\/p>\n<p>Stokken, Bruntveit og Heldal (2017): Fagprosedyrerenes forvandling. Om hvordan fagprosedyrer blir mer enn bare dokumenter n\u00e5r de m\u00f8ter praksis<\/p>\n<h5>Referanse til teoretikar(ar):<\/h5>\n<p>I dette d\u00f8met l\u00f8ftar vi fram Polanyi sin teori om taus kunnskap ved \u00e5 vise til det kjende namnet og deretter setje inn referansen til boka han skreiv i 1967. Neste gong namnet hans vert nytta, har vi ikkje sett inn referanse. Det er fordi vi ikkje har vore innom andre tema i mellomtida.<\/p>\n<p><em>Michael Polanyi (1967) forklarer at vanskene med \u00e5 forklare vi kan, med at vi flytter fokuset fra prosess eller egenskaper til resultatet og konklusjonen. Det er for eksempel ofte sv\u00e6rt vanskelig \u00e5 beskrive et ansikt man ikke ser, selv om vi ikke har problemer med \u00e5 kjenne personen igjen n\u00e5r vi ser vedkommende. Det skyldes i f\u00f8lge Polanyi at vi er mer opptatt av personen enn ansiktet.<\/em><\/p>\n<h5>Definering av omgrep:<\/h5>\n<p>I denne teksten har vi sett referanse bak &laquo;objektteori&raquo;. Ved \u00e5 setje inn ein eit utval referanser bak dette omgrepet, har vi definert kva vi meiner med omgrepet.<\/p>\n<p><em>Fagprosedyrene er spesifikasjoner av hvordan en jobb skal gj\u00f8res. De kan dermed fungere som b\u00e6rere av kunnskap over grensene i organisasjonen. For \u00e5 forst\u00e5 hvordan fagprosedyrene kan fungere p\u00e5 denne m\u00e5ten, ser vi p\u00e5 dem i lys av objektteori (Bowker &amp; Star, 2000; Law &amp; Singleton, 2005; Mol, 2002; Star &amp; Griesemer, 1989) .\u00a0<\/em><\/p>\n<p>P\u00e5 same m\u00e5te som over, definerer vi omgrep i dei to setningane under, ved \u00e5 vise til (metode)teori. P\u00e5 denne m\u00e5ten kan ein vere sev\u00e6rt spesifikk p\u00e5 kva ein gjer og\/eller meiner utan \u00e5 bruke s\u00e5 mange ord.<\/p>\n<p><em>Studien er en kvalitativ case-studie (Yin, 2014) \u00a0med et intensivt design (Busch, 2014). Stegvis deduktiv induktiv tiln\u00e6rming (Tjora, 2012) er benyttet i analysen. <\/em><\/p>\n<p>Det same skjer i setninga under:<\/p>\n<p><em>Dette f\u00f8rer til at prosjektlederne har en s\u00e5kalt Janus-rolle (Stokken, 2015) der de utf\u00f8rer sitt arbeid p\u00e5 grensen mellom de to kunnskapstypene. <\/em><\/p>\n<h5>Bruk av teori i dr\u00f8fting<\/h5>\n<p>N\u00e5r ein skal kople teori og empiri m\u00e5 ein passe p\u00e5 at referansen ikkje st\u00e5r p\u00e5 ein slik m\u00e5te at den gir seg ut for \u00e5 skape belegg for det du seier.\u00a0Det gjer ein lettast ved \u00e5 vere tydeleg i teksten. Ein enkel m\u00e5te \u00e5 gjere dette p\u00e5, er vist her:<\/p>\n<p><em>Star and Griesemer (1989) beskriver at et av kjennetegnene ved grenseobjekt er at ulike akt\u00f8rer tillegger de ulike meninger. Vi ser at KHMS-leder beskriver meningen med fagprosedyrene som et initiativ for kunnskapsdeling som samler og formulerer beste praksis, og som overf\u00f8rer kontraktkunnskap til fagarbeidere.<\/em><\/p>\n<h5><\/h5>\n","protected":false},"excerpt":{"rendered":"<p>Kva stil du vel, er av og til gitt, og av og til ikkje. Om du nyttar referanseverktyet i Word eller EndNote, er det enkelt \u00e5 endre stilen i etterkant. Bruken av sidetal er likevel uavhengig av stil. Reglane er slik: Om ein siterer ordrett &#8211; ogs\u00e5 kalla direkte sitat &#8211; d\u00e5 skal det alltid &hellip; <a href=\"https:\/\/blogg.hivolda.no\/roars\/mine-interesser\/a-skrive-oppgaver\/sitering\/\" class=\"more-link\">Fortsett \u00e5 lese<span class=\"screen-reader-text\"> \u00abReferanser\u00bb<\/span><\/a><\/p>\n","protected":false},"author":86,"featured_media":0,"parent":311,"menu_order":0,"comment_status":"closed","ping_status":"closed","template":"","meta":{"footnotes":""},"post_mailing_queue_ids":[],"_links":{"self":[{"href":"https:\/\/blogg.hivolda.no\/roars\/wp-json\/wp\/v2\/pages\/283"}],"collection":[{"href":"https:\/\/blogg.hivolda.no\/roars\/wp-json\/wp\/v2\/pages"}],"about":[{"href":"https:\/\/blogg.hivolda.no\/roars\/wp-json\/wp\/v2\/types\/page"}],"author":[{"embeddable":true,"href":"https:\/\/blogg.hivolda.no\/roars\/wp-json\/wp\/v2\/users\/86"}],"replies":[{"embeddable":true,"href":"https:\/\/blogg.hivolda.no\/roars\/wp-json\/wp\/v2\/comments?post=283"}],"version-history":[{"count":4,"href":"https:\/\/blogg.hivolda.no\/roars\/wp-json\/wp\/v2\/pages\/283\/revisions"}],"predecessor-version":[{"id":323,"href":"https:\/\/blogg.hivolda.no\/roars\/wp-json\/wp\/v2\/pages\/283\/revisions\/323"}],"up":[{"embeddable":true,"href":"https:\/\/blogg.hivolda.no\/roars\/wp-json\/wp\/v2\/pages\/311"}],"wp:attachment":[{"href":"https:\/\/blogg.hivolda.no\/roars\/wp-json\/wp\/v2\/media?parent=283"}],"curies":[{"name":"wp","href":"https:\/\/api.w.org\/{rel}","templated":true}]}}