{"id":101,"date":"2017-01-23T20:12:47","date_gmt":"2017-01-23T19:12:47","guid":{"rendered":"https:\/\/blogg.hivolda.no\/roars\/?page_id=101"},"modified":"2017-02-02T09:39:34","modified_gmt":"2017-02-02T08:39:34","slug":"linkar","status":"publish","type":"page","link":"https:\/\/blogg.hivolda.no\/roars\/linkar\/","title":{"rendered":"Linkar"},"content":{"rendered":"<p><span style=\"color: #000000;font-family: Lato, sans-serif\"><span style=\"font-size: 22px;font-weight: 900\">Forskingsfaglege linkar<\/span><\/span><\/p>\n<ul>\n<li><a href=\"http:\/\/www.businessinsider.com\/the-illustrated-guide-to-a-phd-2012-3?r=US&amp;IR=T&amp;IR=T\">Illustrasjon av kva ein PhD er<\/a>.<\/li>\n<\/ul>\n<h3>Utdanningsfaglege linkar<\/h3>\n<ul>\n<li><a href=\"https:\/\/www.regjeringen.no\/no\/dokumenter\/horing\/id2527734\/?utm_source=www.regjeringen.no&amp;utm_medium=epost&amp;utm_campaign=H\u00f8ringer-24.01.2017\">H\u00f8ring: Forslag til forskrift om felles rammeplan for helse- og sosialfagutdanninger<\/a>.<\/li>\n<\/ul>\n<h3>Organisasjonsfaglege tidsskrift<\/h3>\n<ul>\n<li><a href=\"https:\/\/www.magma.no\/om-magma\">Magma:\u00a0Magmas form\u00e5l er \u00e5 bidra til kunnskapsutvikling, refleksjon og debatt innenfor feltet \u00f8konomi og ledelse.<\/a><\/li>\n<\/ul>\n<h3>Sosialfagle tidsskrift<\/h3>\n<ul>\n<li><a href=\"http:\/\/fonteneforskning.no\">Fontene forskning : Norges ledende vitenskapelige tidsskrift for sosialt arbeid, barnevern og vernepleie<\/a><\/li>\n<li><a href=\"http:\/\/journals.library.mun.ca\/ojs\/index.php\/IJ\/index\">Intersectionalities : A global journal of social work analysis, research, polity, and practice.\u00a0<\/a><\/li>\n<\/ul>\n<h6><\/h6>\n","protected":false},"excerpt":{"rendered":"<p>Forskingsfaglege linkar Illustrasjon av kva ein PhD er. Utdanningsfaglege linkar H\u00f8ring: Forslag til forskrift om felles rammeplan for helse- og sosialfagutdanninger. Organisasjonsfaglege tidsskrift Magma:\u00a0Magmas form\u00e5l er \u00e5 bidra til kunnskapsutvikling, refleksjon og debatt innenfor feltet \u00f8konomi og ledelse. Sosialfagle tidsskrift Fontene forskning : Norges ledende vitenskapelige tidsskrift for sosialt arbeid, barnevern og vernepleie Intersectionalities : &hellip; <a href=\"https:\/\/blogg.hivolda.no\/roars\/linkar\/\" class=\"more-link\">Fortsett \u00e5 lese<span class=\"screen-reader-text\"> \u00abLinkar\u00bb<\/span><\/a><\/p>\n","protected":false},"author":86,"featured_media":0,"parent":0,"menu_order":3,"comment_status":"closed","ping_status":"closed","template":"","meta":{"footnotes":""},"post_mailing_queue_ids":[],"_links":{"self":[{"href":"https:\/\/blogg.hivolda.no\/roars\/wp-json\/wp\/v2\/pages\/101"}],"collection":[{"href":"https:\/\/blogg.hivolda.no\/roars\/wp-json\/wp\/v2\/pages"}],"about":[{"href":"https:\/\/blogg.hivolda.no\/roars\/wp-json\/wp\/v2\/types\/page"}],"author":[{"embeddable":true,"href":"https:\/\/blogg.hivolda.no\/roars\/wp-json\/wp\/v2\/users\/86"}],"replies":[{"embeddable":true,"href":"https:\/\/blogg.hivolda.no\/roars\/wp-json\/wp\/v2\/comments?post=101"}],"version-history":[{"count":13,"href":"https:\/\/blogg.hivolda.no\/roars\/wp-json\/wp\/v2\/pages\/101\/revisions"}],"predecessor-version":[{"id":163,"href":"https:\/\/blogg.hivolda.no\/roars\/wp-json\/wp\/v2\/pages\/101\/revisions\/163"}],"wp:attachment":[{"href":"https:\/\/blogg.hivolda.no\/roars\/wp-json\/wp\/v2\/media?parent=101"}],"curies":[{"name":"wp","href":"https:\/\/api.w.org\/{rel}","templated":true}]}}