{"id":3397,"date":"2022-05-10T13:15:26","date_gmt":"2022-05-10T11:15:26","guid":{"rendered":"http:\/\/blogg.hivolda.no\/jr\/?page_id=3397"},"modified":"2022-05-10T13:23:16","modified_gmt":"2022-05-10T11:23:16","slug":"welcome-to-alesund-and-more-og-romsdal","status":"publish","type":"page","link":"https:\/\/blogg.hivolda.no\/jr\/welcome-to-alesund-and-more-og-romsdal\/","title":{"rendered":"Welcome to \u00c5lesund and M\u00f8re og Romsdal"},"content":{"rendered":"\n<p><em>Speech at reception, opening of <a href=\"https:\/\/blogg.hivolda.no\/jr\/2022\/05\/05\/esssat-19th-european-conference-global-sustainability-science-and-religion-in-dialogue\/\">ESSSAT XIX, \u00c5lesund, 2022<\/a><\/em><\/p>\n\n\n\n<p>President, participants:<\/p>\n\n\n\n<p>My name is Johann Roppen. I&#8217;m rektor by the Volda University college, one of the three academic institutions cooperating in order to make this conference to happen.<\/p>\n\n\n\n<p><a href=\"https:\/\/www.hivolda.no\/en\">Volda University college<\/a> is the oldest of the three institutions, established in 1861 as a teachers training college.<\/p>\n\n\n\n<p>The two other institutions are <a href=\"https:\/\/www.himolde.no\/english\/\">Molde University College<\/a> and the <a href=\"https:\/\/www.ntnu.edu\/alesund\">\u00c5lesund department of Norwegian University for Science and Technology<\/a>.<\/p>\n\n\n\n<p>This is the first time the three of us are joining forces and supporting an international conference, and I hope it&#8217;s not the last time.<\/p>\n\n\n\n<p>All in all the three institutions in total has more than 11.000 students and some 200 doctoral students.&nbsp;<\/p>\n\n\n\n<p>The professors of theology are to be found at the Volda university college, while technology is an important subject in \u00c5lesund as well as in Molde. And I&#8217;m happy to see several colleagues from the region participating at the conference.<\/p>\n\n\n\n<p>When <a href=\"https:\/\/www.hivolda.no\/tilsette\/institutt-religion-og-livssyn\/knut-willy-saether\">professor Knut-Willy S\u00e6ther<\/a> by the Volda University College first presented the idea of bringing the <a href=\"https:\/\/www.esssat.net\/\">ESSSAT<\/a>-conference to our region, it sounded like a wild idea. Just look at the sites for <a href=\"https:\/\/www.esssat.net\/past-conferences\">previous conferences<\/a>: Big cities in Europe, mostly: Madrid, Lyon, \u0141\u00f3d\u017a, Warsaw, Assisi, Tartu. Edinburgh, Barcelona.<\/p>\n\n\n\n<p>But then come to think about it: Several of the ESSAT-cities have excellent football teams. But so do we: Three teams in the top division is more than any other region of Norway, including the capital Oslo. And one of the teams have played in the Champions league, playing Real Madrid, Porto and Olympiakos. So maybe it&#8217;s possible? If we do this as a team? <\/p>\n\n\n\n<!--nextpage-->\n\n\n\n<p>So professor Knut-Willy S\u00e6ther was able to convince us, we convinced ourselves, we were able to join forces&nbsp; as well as sponsors to support the conference, and well &#8211; here we are!<\/p>\n\n\n\n<p>Thank You also very much to the main sponsor &#8211; <a href=\"https:\/\/www.sbm.no\/\">Sparebanken M\u00f8re<\/a> &#8211; the largest savings bank in the region, as well as the <a href=\"https:\/\/www.forskningsradet.no\/en\/\">Norwegian Research Council<\/a>.<\/p>\n\n\n\n<p>The aims and scope of ESSSAT and the conference really is impressing.  It&#8217;s not a small ambition to bring together people and ideas from science and theology &#8211; and everything in between, I understand.<\/p>\n\n\n\n<p>And with a wonderful purpose: &laquo;To reach a better understanding of the interaction between two of the most powerful human pursuits, religion and science&raquo;.<\/p>\n\n\n\n<p>Still, with a war raging in Europe, we quite possibly need more theology and less technology, but surely more understanding.<\/p>\n\n\n\n<p>Finally I must say I do hope you all get the opportunity to visit the mountains and the fjords &#8211; this part of the world is croweded with world class tourist destination, as the gigantic cruise-liners by the pier here in \u00c5lesund demonstrates.<\/p>\n\n\n\n<p>But I can assure you that that the <a href=\"https:\/\/www.visitnorway.com\/places-to-go\/fjord-norway\/the-geirangerfjord\/?lang=primary\">fjords of Norway<\/a> are really shining when the are experienced at a slow pace, by a smaller boat, a canoo or by biking or hiking during summer. Or winter.<\/p>\n\n\n\n<p>So please enjoy the conference, the ideas being shared and discussed, but also enjoy our small town and big region.<\/p>\n","protected":false},"excerpt":{"rendered":"<p>Speech at reception, opening of ESSSAT XIX, \u00c5lesund, 2022 President, participants: My name is Johann Roppen. I&#8217;m rektor by the Volda University college, one of the three academic institutions cooperating in order to make this conference to happen. Volda University college is the oldest of the three institutions, established in 1861 as a teachers training &hellip; <a href=\"https:\/\/blogg.hivolda.no\/jr\/welcome-to-alesund-and-more-og-romsdal\/\" class=\"more-link\">Fortsett \u00e5 lese <span class=\"screen-reader-text\">Welcome to \u00c5lesund and M\u00f8re og Romsdal<\/span><\/a><\/p>\n","protected":false},"author":13,"featured_media":0,"parent":0,"menu_order":0,"comment_status":"closed","ping_status":"closed","template":"","meta":{"footnotes":""},"post_mailing_queue_ids":[],"_links":{"self":[{"href":"https:\/\/blogg.hivolda.no\/jr\/wp-json\/wp\/v2\/pages\/3397"}],"collection":[{"href":"https:\/\/blogg.hivolda.no\/jr\/wp-json\/wp\/v2\/pages"}],"about":[{"href":"https:\/\/blogg.hivolda.no\/jr\/wp-json\/wp\/v2\/types\/page"}],"author":[{"embeddable":true,"href":"https:\/\/blogg.hivolda.no\/jr\/wp-json\/wp\/v2\/users\/13"}],"replies":[{"embeddable":true,"href":"https:\/\/blogg.hivolda.no\/jr\/wp-json\/wp\/v2\/comments?post=3397"}],"version-history":[{"count":2,"href":"https:\/\/blogg.hivolda.no\/jr\/wp-json\/wp\/v2\/pages\/3397\/revisions"}],"predecessor-version":[{"id":3403,"href":"https:\/\/blogg.hivolda.no\/jr\/wp-json\/wp\/v2\/pages\/3397\/revisions\/3403"}],"wp:attachment":[{"href":"https:\/\/blogg.hivolda.no\/jr\/wp-json\/wp\/v2\/media?parent=3397"}],"curies":[{"name":"wp","href":"https:\/\/api.w.org\/{rel}","templated":true}]}}