{"id":3213,"date":"2021-10-28T10:06:14","date_gmt":"2021-10-28T08:06:14","guid":{"rendered":"http:\/\/blogg.hivolda.no\/jr\/?page_id=3213"},"modified":"2021-10-29T15:40:42","modified_gmt":"2021-10-29T13:40:42","slug":"tale-pa-nokkelseremoni-seremoniell-overtaking-av-sivert-aarflot-huset","status":"publish","type":"page","link":"https:\/\/blogg.hivolda.no\/jr\/tale-pa-nokkelseremoni-seremoniell-overtaking-av-sivert-aarflot-huset\/","title":{"rendered":"Tale p\u00e5 &laquo;n\u00f8kkelseremoni&raquo;, seremoniell overtaking av Sivert Aarflot-huset"},"content":{"rendered":"\n<p>Tusen takk til Statsbygg. Utan eit godt samarbeid mellom Statsbygg og H\u00f8gskulen i Volda hadde vi ikkje st\u00e5tt her i dag. Tidlegare direkt\u00f8r ved H\u00f8gskulen i Volda, Jacob Kj\u00f8de sa det slik ein gong: Statsbygg er v\u00e5re beste venner, og p\u00e5 ein dag som i dag kjennest det veldig slik ut!<\/p>\n\n\n\n<figure class=\"wp-block-image size-large\"><a href=\"https:\/\/blogg.hivolda.no\/jr\/wp-content\/uploads\/sites\/68\/2021\/10\/jacob-kjode-2015-scaled.jpg\"><img loading=\"lazy\" decoding=\"async\" width=\"1024\" height=\"678\" src=\"https:\/\/blogg.hivolda.no\/jr\/wp-content\/uploads\/sites\/68\/2021\/10\/jacob-kjode-2015-1024x678.jpg\" alt=\"\" class=\"wp-image-3249\" srcset=\"https:\/\/blogg.hivolda.no\/jr\/wp-content\/uploads\/sites\/68\/2021\/10\/jacob-kjode-2015-1024x678.jpg 1024w, https:\/\/blogg.hivolda.no\/jr\/wp-content\/uploads\/sites\/68\/2021\/10\/jacob-kjode-2015-300x199.jpg 300w, https:\/\/blogg.hivolda.no\/jr\/wp-content\/uploads\/sites\/68\/2021\/10\/jacob-kjode-2015-768x509.jpg 768w, https:\/\/blogg.hivolda.no\/jr\/wp-content\/uploads\/sites\/68\/2021\/10\/jacob-kjode-2015-1536x1017.jpg 1536w, https:\/\/blogg.hivolda.no\/jr\/wp-content\/uploads\/sites\/68\/2021\/10\/jacob-kjode-2015-2048x1356.jpg 2048w\" sizes=\"(max-width: 1024px) 100vw, 1024px\" \/><\/a><figcaption>Jacob Kj\u00f8de.<\/figcaption><\/figure>\n\n\n\n<p>Tusen takk til alle som har vore involverte i arbeidet med Sivert Aarflot-huset. Det har vore MANGE! De kan vere stolte av resultatet!<\/p>\n\n\n\n<p>Det er i haust 50 \u00e5r sidan dei f\u00f8rste 34 studentane m\u00f8tte opp for \u00e5 studere ved landets f\u00f8rste moderne medieutdanning her i Volda. Og utdanninga vart ein suksess og har vore sterkt medverkande til at b\u00e5de H\u00f8gskulen og den vesle studiebygda Volda har vorte landskjent. I dag er det ca. 600 mediestudentar i Volda, og ca. 10 prosent av dei er internasjonale studentar. Det er ikkje til \u00e5 tru!<\/p>\n\n\n\n<p>S\u00e5 medieutdanningane har vokse og trengt meir og meir plass. V\u00e5ren 2021 vart drive medieutdanning p\u00e5 sju ulike stader p\u00e5 h\u00f8gskuleomr\u00e5det.&nbsp; Det har alts\u00e5 vore overmode for eit nytt hus for medieutdanningane i mange \u00e5r.<\/p>\n\n\n\n<p>No har medieutdanningane i Volda for f\u00f8rste gong p\u00e5 mange \u00e5r vorte samla under eitt tak og f\u00e5tt glimrande lokale for nye 50 \u00e5r med medieutdanning. Minst. Men ogs\u00e5 med forventningar og samarbeid og bruksrett ogs\u00e5 for andre utdanningar p\u00e5 H\u00f8gskulen i Volda.<\/p>\n\n\n\n<p>Eg har sagt at dette skal bli #Verdas-beste-mediehus. Det ligg til rette for det p\u00e5 alle m\u00e5tar. Vi har halde p\u00e5 med medieutdanning i 50 \u00e5r og har bygd det nye huset basert p\u00e5 efaringane i desse \u00e5ra.<\/p>\n\n\n\n<p>No handlar det berre om kva vi klarer \u00e5 f\u00e5 ut av det. Og den jobben, det m\u00e5let, er det opp til studentar, tilsette og leiing p\u00e5 H\u00f8gskulen, men s\u00e6rleg Avdeling for mediefag \u00e5 arbeide for.<\/p>\n\n\n\n<p>Derfor er det med stor glede og tillit at eg overlet denne n\u00f8kkelen til Kate Kartveit, dekan p\u00e5 Avdeling for mediefag.<\/p>\n","protected":false},"excerpt":{"rendered":"<p>Tusen takk til Statsbygg. Utan eit godt samarbeid mellom Statsbygg og H\u00f8gskulen i Volda hadde vi ikkje st\u00e5tt her i dag. Tidlegare direkt\u00f8r ved H\u00f8gskulen i Volda, Jacob Kj\u00f8de sa det slik ein gong: Statsbygg er v\u00e5re beste venner, og p\u00e5 ein dag som i dag kjennest det veldig slik ut! Tusen takk til alle &hellip; <a href=\"https:\/\/blogg.hivolda.no\/jr\/tale-pa-nokkelseremoni-seremoniell-overtaking-av-sivert-aarflot-huset\/\" class=\"more-link\">Fortsett \u00e5 lese <span class=\"screen-reader-text\">Tale p\u00e5 &laquo;n\u00f8kkelseremoni&raquo;, seremoniell overtaking av Sivert Aarflot-huset<\/span><\/a><\/p>\n","protected":false},"author":13,"featured_media":0,"parent":0,"menu_order":0,"comment_status":"closed","ping_status":"closed","template":"","meta":{"footnotes":""},"post_mailing_queue_ids":[],"_links":{"self":[{"href":"https:\/\/blogg.hivolda.no\/jr\/wp-json\/wp\/v2\/pages\/3213"}],"collection":[{"href":"https:\/\/blogg.hivolda.no\/jr\/wp-json\/wp\/v2\/pages"}],"about":[{"href":"https:\/\/blogg.hivolda.no\/jr\/wp-json\/wp\/v2\/types\/page"}],"author":[{"embeddable":true,"href":"https:\/\/blogg.hivolda.no\/jr\/wp-json\/wp\/v2\/users\/13"}],"replies":[{"embeddable":true,"href":"https:\/\/blogg.hivolda.no\/jr\/wp-json\/wp\/v2\/comments?post=3213"}],"version-history":[{"count":3,"href":"https:\/\/blogg.hivolda.no\/jr\/wp-json\/wp\/v2\/pages\/3213\/revisions"}],"predecessor-version":[{"id":3250,"href":"https:\/\/blogg.hivolda.no\/jr\/wp-json\/wp\/v2\/pages\/3213\/revisions\/3250"}],"wp:attachment":[{"href":"https:\/\/blogg.hivolda.no\/jr\/wp-json\/wp\/v2\/media?parent=3213"}],"curies":[{"name":"wp","href":"https:\/\/api.w.org\/{rel}","templated":true}]}}