{"id":3176,"date":"2021-09-24T13:35:14","date_gmt":"2021-09-24T11:35:14","guid":{"rendered":"http:\/\/blogg.hivolda.no\/jr\/?page_id=3176"},"modified":"2021-09-24T13:35:14","modified_gmt":"2021-09-24T11:35:14","slug":"roar-amdams-takketale","status":"publish","type":"page","link":"https:\/\/blogg.hivolda.no\/jr\/roar-amdams-takketale\/","title":{"rendered":"Roar Amdams takketale"},"content":{"rendered":"\n<figure class=\"wp-block-image size-large\"><a href=\"https:\/\/blogg.hivolda.no\/jr\/wp-content\/uploads\/sites\/68\/2021\/09\/20210924_113748-scaled.jpg\"><img loading=\"lazy\" decoding=\"async\" width=\"1024\" height=\"576\" src=\"https:\/\/blogg.hivolda.no\/jr\/wp-content\/uploads\/sites\/68\/2021\/09\/20210924_113748-1024x576.jpg\" alt=\"\" class=\"wp-image-3161\" srcset=\"https:\/\/blogg.hivolda.no\/jr\/wp-content\/uploads\/sites\/68\/2021\/09\/20210924_113748-1024x576.jpg 1024w, https:\/\/blogg.hivolda.no\/jr\/wp-content\/uploads\/sites\/68\/2021\/09\/20210924_113748-300x169.jpg 300w, https:\/\/blogg.hivolda.no\/jr\/wp-content\/uploads\/sites\/68\/2021\/09\/20210924_113748-768x432.jpg 768w, https:\/\/blogg.hivolda.no\/jr\/wp-content\/uploads\/sites\/68\/2021\/09\/20210924_113748-1536x864.jpg 1536w, https:\/\/blogg.hivolda.no\/jr\/wp-content\/uploads\/sites\/68\/2021\/09\/20210924_113748-2048x1152.jpg 2048w\" sizes=\"(max-width: 1024px) 100vw, 1024px\" \/><\/a><figcaption>ASH-dekan Randi Bergem og Roar Amdam. <\/figcaption><\/figure>\n\n\n\n<p>Takk for introduksjon og gratulasjon.<br \/><br \/>D\u00e5 rektor ringde og gratulerte meg med prisen, s\u00e5 var min umiddelbare reaksjon at det var kjekt \u00e5 bli sett. Men for at nokon skal bli sett, m\u00e5 noko sj\u00e5. Eg vil difor takke dei som har sett meg og unt meg denne prisen. Utan at eg veit, s\u00e5 reknar eg med at b\u00e5de Nils Magne som instituttleiaren p\u00e5 IPAS og Randi som dekan p\u00e5 ASH har vore involvert i \u00e5 foresl\u00e5 meg. Takk til desse og til alle dei som st\u00f8tta forslaget i Forskingsutvalet og Styret. Takk ogs\u00e5 til dei som evt ikkje har st\u00f8tta forslaget, desse har bidratt til ein demokratisk dialog der dei med beste argumenta vann fram, og dermed til \u00e5 legitimere avgjerda om \u00e5 tildele meg prisen. N\u00e5r det er sagt, vil eg legge til at n\u00e5r eg etter praten med rektor gjekk inn \u00e5 sjekka lista over kven som har f\u00e5tt prisen f\u00f8r, med Jostein Fet som den f\u00f8rste, s\u00e5 blei eg skikkeleg stolt av \u00e5 ha blitt innlemma i det gode selskapet av dyktige forskarar.<\/p>\n\n\n\n<p>S\u00e5 blir det vel forventa at eg ein s\u00e5nn dag skal seie noko fornuftig. Og etter over 40 \u00e5r her p\u00e5 bruket, er det naturleg \u00e5 velje temaet Alt var betre f\u00f8r. Men det har eg ikkje gjort. Temaet mitt er derimot at alt har blitt endra desse \u00e5ra. Og endringane har hatt til felles at dei strir med det klassiske dilemmaet om \u00e5 finne ein god ballanse mellom sterk styring, kontroll og mistillit p\u00e5 den eine sida og sj\u00f8lvstyre, fridom og tillit p\u00e5 den andre sida. Men endringane g\u00e5r ikkje eintydig ein veg, situasjonen er nyansert.<\/p>\n\n\n\n<p>La oss f\u00f8rst ta \u00f8konomi og personale. F\u00f8r vart budsjettet v\u00e5rt detaljert sett opp i departementet. Det var vanskeleg \u00e5 flytte pengar mellom postar, og heilt ur\u00e5d \u00e5 flytte pengar mellom l\u00f8n og drift. Talet p\u00e5 stillingar og studieplassar var bindande n\u00f8kkeltal som ikkje kunne fr\u00e5vikast og som dimensjonerte tildelinga av pengar. S\u00e5 komme rammefinansiering og deretter m\u00e5l-og resultatstyring. Den lokale fridomen auka, men med fridomen kome det ogs\u00e5 krav om detaljerte og tidkrevjande rapporteringar som no tek mykje av tida v\u00e5r som tilsette. Med fridomen kom ogs\u00e5 auka konkurranse mellom utdanningsinstitusjonane om studentar og pengar. Fr\u00e5 \u00e5 bli styrt p\u00e5 ressurstildeling\/input blir vi no styrt etter oppn\u00e5dde resultat (output og outcome). Men det \u00e5 finne gode m\u00e5ltall\/indikatorar\/tellekantar for resultat er vanskeleg om ikkje umuleg. Her m\u00e5 det ogs\u00e5 leggast til dei f\u00f8rste \u00e5ra kjempa vi om \u00e5 f\u00e5 rett til \u00e5 forske, og vi hadde ikkje professorstillingar. No har vi f\u00e5tt same stillingstruktur som universiteta, og det hjelper p\u00e5 rekrutteringa.<\/p>\n\n\n\n<p>N\u00e5r det gjeld forsking, s\u00e5 var det f\u00f8r langt mindre krav til s\u00f8knadane. Tildelinga var mykje meir tillitsbasert, ogs\u00e5 i Forskingsr\u00e5det. Dei prosjekta som f\u00f8rte meg fram til doktorgrad p\u00e5 slutten av 90-talet, hadde neppe blitt innvilga i dag, men det bli god forsking av prosjekta. Forskinga har blitt lest og brukt av lokalforvaltninga, og forskinga er akseptert internasjonalt. I dag tvingar forskingsr\u00e5det oss inn i store internasjonale samarbeid og til \u00e5 produsere artiklar p\u00e5 engelsk, som f\u00e5 les, i alle fall ikkje den lokale forvaltninga. Her m\u00e5 det skytast inn at enkelte milj\u00f8 p\u00e5 skulen har vore dyktige og er med i slike internasjonale nettverksprosjekt, og Fjordantologien er eit godt reiskap for publisering retta mot lokalforvaltninga. Men om endringa har vore mot nasjonal styring og kontroll av forskinga, s\u00e5 gir stipendiatstillingane oss ein kjempestor forskingsressurs som vi har fridom til \u00e5 styre lokalt.<\/p>\n\n\n\n<p>Noko av det same har skjedd med undervisninga. Lokal tillit og fridom har blitt erstatt med rigide studie-og emneplanar underlagt noggrann administrativ kontroll med NOKUT som det sentrale s\u00e5kalla kvalitetsorganet. Her osar det av standardisering, kontroll og mistillit, men samstundes har vi fridomen til \u00e5 ta opp fleire studentar enn oppgitt m\u00e5ltal, og mange studentar p\u00e5 institutta gir god tilgang til ressursar og fridom for institutta til \u00e5 kj\u00f8pe seg l\u00e6rarkrefter til meir eller mindre faste stillingar.<\/p>\n\n\n\n<p>Eg vil hevde at b\u00e5de forskinga og undervisninga no blir styrt b\u00e5de gjennom ressurstildeling og resultat, og den lokale fridom har blitt redusert. Det store sp\u00f8rsm\u00e5let er difor om dette g\u00e5r ut over motivasjonen og skaparkrafta v\u00e5r.<\/p>\n\n\n\n<p>Oppsummert: Endringar har skjedd og kjem til \u00e5 skje, og balansen mellom fridom og kontroll er aldri statisk, og ein treng ikkje vere sp\u00e5mann for \u00e5 seie at den neste endringa er \u00e5 gi oss tilsette meir fridom og tillit b\u00e5de i forsking og undervising, men d\u00e5 m\u00e5 vi ogs\u00e5 individuelt og kollektivt vise at vi har handlingskapasitet til \u00e5 utnytte fridomen og konkurransesituasjonen som f\u00f8lgjer av meir fridom. Vi veit at handlingskapasiteten til organisasjonar som v\u00e5r h\u00f8gskule, aukar n\u00e5r vi greier \u00e5 samarbeide p\u00e5 tvers av profesjonar og einingar, og n\u00e5r vi i fellesskap kritisk reflekterer over v\u00e5re haldningar, ferdigheiter, kunnskapar og handlingar. Det inneber at kvar og ein av oss m\u00e5 opptre som kloke eller kompetente personar, og det er ogs\u00e5 dette vi m\u00e5 l\u00e6re studentane v\u00e5re. Berre gjennom auka samarbeid internt og eksternt kan vi handtere utfordringane vi som h\u00f8gskule og samfunnet st\u00e5r overfor.<\/p>\n\n\n\n<p>Takk for meg!<\/p>\n\n\n\n<figure class=\"wp-block-image size-large\"><a href=\"https:\/\/blogg.hivolda.no\/jr\/wp-content\/uploads\/sites\/68\/2021\/09\/20210924_113252-scaled.jpg\"><img loading=\"lazy\" decoding=\"async\" width=\"1024\" height=\"576\" src=\"https:\/\/blogg.hivolda.no\/jr\/wp-content\/uploads\/sites\/68\/2021\/09\/20210924_113252-1024x576.jpg\" alt=\"\" class=\"wp-image-3164\" srcset=\"https:\/\/blogg.hivolda.no\/jr\/wp-content\/uploads\/sites\/68\/2021\/09\/20210924_113252-1024x576.jpg 1024w, https:\/\/blogg.hivolda.no\/jr\/wp-content\/uploads\/sites\/68\/2021\/09\/20210924_113252-300x169.jpg 300w, https:\/\/blogg.hivolda.no\/jr\/wp-content\/uploads\/sites\/68\/2021\/09\/20210924_113252-768x432.jpg 768w, https:\/\/blogg.hivolda.no\/jr\/wp-content\/uploads\/sites\/68\/2021\/09\/20210924_113252-1536x864.jpg 1536w, https:\/\/blogg.hivolda.no\/jr\/wp-content\/uploads\/sites\/68\/2021\/09\/20210924_113252-2048x1152.jpg 2048w\" sizes=\"(max-width: 1024px) 100vw, 1024px\" \/><\/a><figcaption>Smil til fotografane!<\/figcaption><\/figure>\n","protected":false},"excerpt":{"rendered":"<p>Takk for introduksjon og gratulasjon. D\u00e5 rektor ringde og gratulerte meg med prisen, s\u00e5 var min umiddelbare reaksjon at det var kjekt \u00e5 bli sett. Men for at nokon skal bli sett, m\u00e5 noko sj\u00e5. Eg vil difor takke dei som har sett meg og unt meg denne prisen. Utan at eg veit, s\u00e5 reknar &hellip; <a href=\"https:\/\/blogg.hivolda.no\/jr\/roar-amdams-takketale\/\" class=\"more-link\">Fortsett \u00e5 lese <span class=\"screen-reader-text\">Roar Amdams takketale<\/span><\/a><\/p>\n","protected":false},"author":13,"featured_media":0,"parent":0,"menu_order":0,"comment_status":"closed","ping_status":"closed","template":"","meta":{"footnotes":""},"post_mailing_queue_ids":[],"_links":{"self":[{"href":"https:\/\/blogg.hivolda.no\/jr\/wp-json\/wp\/v2\/pages\/3176"}],"collection":[{"href":"https:\/\/blogg.hivolda.no\/jr\/wp-json\/wp\/v2\/pages"}],"about":[{"href":"https:\/\/blogg.hivolda.no\/jr\/wp-json\/wp\/v2\/types\/page"}],"author":[{"embeddable":true,"href":"https:\/\/blogg.hivolda.no\/jr\/wp-json\/wp\/v2\/users\/13"}],"replies":[{"embeddable":true,"href":"https:\/\/blogg.hivolda.no\/jr\/wp-json\/wp\/v2\/comments?post=3176"}],"version-history":[{"count":1,"href":"https:\/\/blogg.hivolda.no\/jr\/wp-json\/wp\/v2\/pages\/3176\/revisions"}],"predecessor-version":[{"id":3179,"href":"https:\/\/blogg.hivolda.no\/jr\/wp-json\/wp\/v2\/pages\/3176\/revisions\/3179"}],"wp:attachment":[{"href":"https:\/\/blogg.hivolda.no\/jr\/wp-json\/wp\/v2\/media?parent=3176"}],"curies":[{"name":"wp","href":"https:\/\/api.w.org\/{rel}","templated":true}]}}