{"id":3088,"date":"2021-08-17T09:21:34","date_gmt":"2021-08-17T07:21:34","guid":{"rendered":"http:\/\/blogg.hivolda.no\/jr\/?page_id=3088"},"modified":"2021-08-17T09:21:34","modified_gmt":"2021-08-17T07:21:34","slug":"helsing-fra-leiar-i-studentparlamentet-trond-fredrik-hagemann-hoddevik","status":"publish","type":"page","link":"https:\/\/blogg.hivolda.no\/jr\/helsing-fra-leiar-i-studentparlamentet-trond-fredrik-hagemann-hoddevik\/","title":{"rendered":"Helsing fr\u00e5 leiar i Studentparlamentet, Trond-Fredrik Hagemann Hoddevik"},"content":{"rendered":"\n<figure class=\"wp-block-image size-large\"><a href=\"https:\/\/blogg.hivolda.no\/jr\/wp-content\/uploads\/sites\/68\/2021\/08\/20210804_102819-scaled.jpg\"><img loading=\"lazy\" decoding=\"async\" width=\"1024\" height=\"576\" src=\"https:\/\/blogg.hivolda.no\/jr\/wp-content\/uploads\/sites\/68\/2021\/08\/20210804_102819-1024x576.jpg\" alt=\"\" class=\"wp-image-3091\" srcset=\"https:\/\/blogg.hivolda.no\/jr\/wp-content\/uploads\/sites\/68\/2021\/08\/20210804_102819-1024x576.jpg 1024w, https:\/\/blogg.hivolda.no\/jr\/wp-content\/uploads\/sites\/68\/2021\/08\/20210804_102819-300x169.jpg 300w, https:\/\/blogg.hivolda.no\/jr\/wp-content\/uploads\/sites\/68\/2021\/08\/20210804_102819-768x432.jpg 768w, https:\/\/blogg.hivolda.no\/jr\/wp-content\/uploads\/sites\/68\/2021\/08\/20210804_102819-1536x864.jpg 1536w, https:\/\/blogg.hivolda.no\/jr\/wp-content\/uploads\/sites\/68\/2021\/08\/20210804_102819-2048x1152.jpg 2048w\" sizes=\"(max-width: 1024px) 100vw, 1024px\" \/><\/a><figcaption>Trond-Fredrik Hagemann Hoddevik. <\/figcaption><\/figure>\n\n\n\n<p><br \/>Heisann alle nye og gamle medstudentar! Mitt namn er Trond Fredrik Hoddevik, og eg er leiar for studentparlamentet ved H\u00f8gskulen i Volda.&nbsp;<\/p>\n\n\n\n<p>For ei gledens dag det er. Om du er ei f\u00f8rstegangsstudent kan du sj\u00e5 fram til eit av landets trivlegaste steder \u00e5 studere ved. Nye medstudentar \u00e5 bli kjent med, ei fadderveke spekka med arrangement for \u00e5 f\u00f8le deg velkomen, og kanskje ei personleg openbaring om kva du \u00f8nskjer \u00e5 bli, er noko av forventningane eg sj\u00f8lv hadde d\u00e5 eg byrja her for fire \u00e5r sidan. Den innstillinga h\u00e5per eg du og tek med deg inn.<\/p>\n\n\n\n<p>Til oss vante folk som har vert her ei stund, s\u00e5 b\u00f8r vi g\u00e5 fram med optimisme. Vi b\u00f8r erkjenne at pandemien som var i fjor, ikkje er heilt borte enno. Forh\u00e5pentlegvis kan vi saktens, men sikkert, returnere til ei normal studiekvardag. I mellomtida vil eg gjenta min forgjenger sine ord om korleis vi tek vare p\u00e5 kvarandre. Ver flink til \u00e5 sj\u00e5 og h\u00f8yre p\u00e5 kvarandre, ver stolt av deg sj\u00f8lv og ver ikkje redd for \u00e5 gjere feil. Som studentar er vi her alle for \u00e5 l\u00e6re.&nbsp;<\/p>\n\n\n\n<p>N\u00e5r vi no likevel kan \u00f8yne eit h\u00e5p for ei noks\u00e5 normal studietid, s\u00e5 er det mitt oppdrag \u00e5 s\u00f8rgje for at du f\u00f8ler deg velkomen. Derfor vil eg dele eit godt tips for studiestarten. Engasjer deg! Her p\u00e5 H\u00f8gskulen har vi mange ulike studentorganisasjonar som gjerne \u00f8nsker \u00e5 ha deg p\u00e5 laget. Her kan du m\u00f8te mange medstudentar som deler dine interessar. Og viss du har noke p\u00e5 hjertet, s\u00e5 finnes der ingen betre plass enn nettopp ved oss i studentparlamentet. Vi er av og for studentane. Derfor h\u00e5per eg at nettopp du kunne tenke deg \u00e5 stille til val. Du er varmt velkomen til kontoret v\u00e5rt rett ved kantina p\u00e5 BK. D\u00e5 takker eg for meg, og \u00f8nskjer eg deg herved lykke til med det komande studie\u00e5ret. <\/p>\n\n\n\n<figure class=\"wp-block-image size-large\"><a href=\"https:\/\/blogg.hivolda.no\/jr\/wp-content\/uploads\/sites\/68\/2021\/08\/20210804_102803-1.jpg\"><img loading=\"lazy\" decoding=\"async\" width=\"1024\" height=\"576\" src=\"https:\/\/blogg.hivolda.no\/jr\/wp-content\/uploads\/sites\/68\/2021\/08\/20210804_102803-1-1024x576.jpg\" alt=\"\" class=\"wp-image-3090\" srcset=\"https:\/\/blogg.hivolda.no\/jr\/wp-content\/uploads\/sites\/68\/2021\/08\/20210804_102803-1-1024x576.jpg 1024w, https:\/\/blogg.hivolda.no\/jr\/wp-content\/uploads\/sites\/68\/2021\/08\/20210804_102803-1-300x169.jpg 300w, https:\/\/blogg.hivolda.no\/jr\/wp-content\/uploads\/sites\/68\/2021\/08\/20210804_102803-1-768x432.jpg 768w, https:\/\/blogg.hivolda.no\/jr\/wp-content\/uploads\/sites\/68\/2021\/08\/20210804_102803-1-1536x864.jpg 1536w, https:\/\/blogg.hivolda.no\/jr\/wp-content\/uploads\/sites\/68\/2021\/08\/20210804_102803-1.jpg 1565w\" sizes=\"(max-width: 1024px) 100vw, 1024px\" \/><\/a><figcaption>Trond-Fredrik Hagemann Hoddevik (t.v.) og Atle Remmereit i produksjonsselskapet Oclin<\/figcaption><\/figure>\n\n\n\n<p><\/p>\n","protected":false},"excerpt":{"rendered":"<p>Heisann alle nye og gamle medstudentar! Mitt namn er Trond Fredrik Hoddevik, og eg er leiar for studentparlamentet ved H\u00f8gskulen i Volda.&nbsp; For ei gledens dag det er. Om du er ei f\u00f8rstegangsstudent kan du sj\u00e5 fram til eit av landets trivlegaste steder \u00e5 studere ved. Nye medstudentar \u00e5 bli kjent med, ei fadderveke spekka &hellip; <a href=\"https:\/\/blogg.hivolda.no\/jr\/helsing-fra-leiar-i-studentparlamentet-trond-fredrik-hagemann-hoddevik\/\" class=\"more-link\">Fortsett \u00e5 lese <span class=\"screen-reader-text\">Helsing fr\u00e5 leiar i Studentparlamentet, Trond-Fredrik Hagemann Hoddevik<\/span><\/a><\/p>\n","protected":false},"author":13,"featured_media":0,"parent":0,"menu_order":0,"comment_status":"closed","ping_status":"closed","template":"","meta":{"footnotes":""},"post_mailing_queue_ids":[],"_links":{"self":[{"href":"https:\/\/blogg.hivolda.no\/jr\/wp-json\/wp\/v2\/pages\/3088"}],"collection":[{"href":"https:\/\/blogg.hivolda.no\/jr\/wp-json\/wp\/v2\/pages"}],"about":[{"href":"https:\/\/blogg.hivolda.no\/jr\/wp-json\/wp\/v2\/types\/page"}],"author":[{"embeddable":true,"href":"https:\/\/blogg.hivolda.no\/jr\/wp-json\/wp\/v2\/users\/13"}],"replies":[{"embeddable":true,"href":"https:\/\/blogg.hivolda.no\/jr\/wp-json\/wp\/v2\/comments?post=3088"}],"version-history":[{"count":2,"href":"https:\/\/blogg.hivolda.no\/jr\/wp-json\/wp\/v2\/pages\/3088\/revisions"}],"predecessor-version":[{"id":3118,"href":"https:\/\/blogg.hivolda.no\/jr\/wp-json\/wp\/v2\/pages\/3088\/revisions\/3118"}],"wp:attachment":[{"href":"https:\/\/blogg.hivolda.no\/jr\/wp-json\/wp\/v2\/media?parent=3088"}],"curies":[{"name":"wp","href":"https:\/\/api.w.org\/{rel}","templated":true}]}}