{"id":1583,"date":"2018-01-18T14:44:40","date_gmt":"2018-01-18T13:44:40","guid":{"rendered":"http:\/\/blogg.hivolda.no\/jr\/?page_id=1583"},"modified":"2018-01-18T14:56:00","modified_gmt":"2018-01-18T13:56:00","slug":"ein-hogskule-pa-kvart-nes-originalen","status":"publish","type":"page","link":"https:\/\/blogg.hivolda.no\/jr\/ein-hogskule-pa-kvart-nes-originalen\/","title":{"rendered":"Ein h\u00f8gskule p\u00e5 kvart nes? Originalen"},"content":{"rendered":"<figure id=\"attachment_1584\" aria-describedby=\"caption-attachment-1584\" style=\"width: 1536px\" class=\"wp-caption aligncenter\"><a href=\"http:\/\/blogg.hivolda.no\/jr\/wp-content\/uploads\/sites\/68\/2018\/01\/Sokelys-pa-Sogn-og-Fjordane-hogskule-pa-kvart-nes.jpg\"><img loading=\"lazy\" decoding=\"async\" class=\"wp-image-1584 size-full\" src=\"http:\/\/blogg.hivolda.no\/jr\/wp-content\/uploads\/sites\/68\/2018\/01\/Sokelys-pa-Sogn-og-Fjordane-hogskule-pa-kvart-nes.jpg\" alt=\"\" width=\"1536\" height=\"2048\" srcset=\"https:\/\/blogg.hivolda.no\/jr\/wp-content\/uploads\/sites\/68\/2018\/01\/Sokelys-pa-Sogn-og-Fjordane-hogskule-pa-kvart-nes.jpg 1536w, https:\/\/blogg.hivolda.no\/jr\/wp-content\/uploads\/sites\/68\/2018\/01\/Sokelys-pa-Sogn-og-Fjordane-hogskule-pa-kvart-nes-225x300.jpg 225w, https:\/\/blogg.hivolda.no\/jr\/wp-content\/uploads\/sites\/68\/2018\/01\/Sokelys-pa-Sogn-og-Fjordane-hogskule-pa-kvart-nes-768x1024.jpg 768w\" sizes=\"(max-width: 1536px) 100vw, 1536px\" \/><\/a><figcaption id=\"caption-attachment-1584\" class=\"wp-caption-text\">Klipp fr\u00e5 tidsskriftet: S\u00f8kelys p\u00e5 Sogn og Fjordane nr 1\/1987. Tidsskriftet vart gitt ut av og ved Sogn og Fjordane Distriktsh\u00f8gskule (SFDH) i \u00e5ra 1982-1989. Tidsskriftet sprang ut av eit forskingsprosjekt ved SFDH, leia av Jon Naustdalslid. Informasjon om kjelda er formidla av Georg Arnestad som arbeidde som forskar p\u00e5 prosjektet.<\/figcaption><\/figure>\n","protected":false},"excerpt":{"rendered":"","protected":false},"author":13,"featured_media":0,"parent":0,"menu_order":0,"comment_status":"closed","ping_status":"closed","template":"","meta":{"footnotes":""},"post_mailing_queue_ids":[],"_links":{"self":[{"href":"https:\/\/blogg.hivolda.no\/jr\/wp-json\/wp\/v2\/pages\/1583"}],"collection":[{"href":"https:\/\/blogg.hivolda.no\/jr\/wp-json\/wp\/v2\/pages"}],"about":[{"href":"https:\/\/blogg.hivolda.no\/jr\/wp-json\/wp\/v2\/types\/page"}],"author":[{"embeddable":true,"href":"https:\/\/blogg.hivolda.no\/jr\/wp-json\/wp\/v2\/users\/13"}],"replies":[{"embeddable":true,"href":"https:\/\/blogg.hivolda.no\/jr\/wp-json\/wp\/v2\/comments?post=1583"}],"version-history":[{"count":2,"href":"https:\/\/blogg.hivolda.no\/jr\/wp-json\/wp\/v2\/pages\/1583\/revisions"}],"predecessor-version":[{"id":1587,"href":"https:\/\/blogg.hivolda.no\/jr\/wp-json\/wp\/v2\/pages\/1583\/revisions\/1587"}],"wp:attachment":[{"href":"https:\/\/blogg.hivolda.no\/jr\/wp-json\/wp\/v2\/media?parent=1583"}],"curies":[{"name":"wp","href":"https:\/\/api.w.org\/{rel}","templated":true}]}}