{"id":856,"date":"2022-03-07T13:11:41","date_gmt":"2022-03-07T12:11:41","guid":{"rendered":"https:\/\/blogg.hivolda.no\/fogtps\/?page_id=856"},"modified":"2022-03-07T13:15:39","modified_gmt":"2022-03-07T12:15:39","slug":"skriveseminar-2-3-juni-2022","status":"publish","type":"page","link":"https:\/\/blogg.hivolda.no\/fogtps\/skriveseminar-2-3-juni-2022\/","title":{"rendered":"Skriveseminar 2.-3. juni 2022"},"content":{"rendered":"\n<p>Samlinga er ein stad der du kan presentere og f\u00e5 respons p\u00e5 arbeid med publisering fr\u00e5 folk som har mykje kunnskap om det \u00e5 arbeide p\u00e5 tvers av profesjonar. Alt fr\u00e5 det \u00e5 presentere ein forskingside, via respons p\u00e5 teoretiske vinklar og analysestrategi til paper som snart er ferdige er fine greier.<\/p>\n\n\n\n<p><strong>Tid:<\/strong>\u00a0Torsdag 2 kl 10.30 til fredag 3 juni kl. 14.00<br><strong>Stad:<\/strong>\u00a0\u00a0<br><strong>Kostnad:<\/strong>\u00a0Inga deltakaravgift. Reise og overnatting m\u00e5 dekkast av eigen institusjon<br><strong>Format:<\/strong>\u00a0Seminar<br><strong>P\u00e5melding:<\/strong>\u00a0Send ein e-post til\u00a0<a href=\"mailto:roars@hivolda.no\">roar.stokken@hivolda.no<\/a><br><strong>Frist:<\/strong>\u00a020.mai kl 1200 for p\u00e5melding og innmelding av tema ein \u00f8nskjer diskutert. Grunnen til kl 1200 er at vi m\u00e5 melde antal til hotellet.<br><strong>Sp\u00f8rsm\u00e5l:\u00a0<\/strong>Roar Stokken p\u00e5 enten 45240204 eller\u00a0<a href=\"mailto:roars@hivolda.no\">roar.stokken@hivolda.no<\/a><br><em>PS: Det er heilt greit \u00e5 ringe i ordin\u00e6r forskingstid \u2013 alts\u00e5 kveld og helg<\/em><\/p>\n\n\n\n<h3 class=\"wp-block-heading\">Program<\/h3>\n\n\n\n<p><strong>Torsdag 2\/6<br><\/strong>1030 Innleiiande innlegg<br>1200 Lunsj<br>1300 -1730 Presentasjonar og skriving<br>1900 Middag<\/p>\n\n\n\n<p><strong>Fredag 3\/6<br><\/strong>0900 Presentasjonar og skriving<br>1130 Lunsj<br>1230 Rundebord<br>1400 Avreise<\/p>\n","protected":false},"excerpt":{"rendered":"<p>Samlinga er ein stad der du kan presentere og f\u00e5 respons p\u00e5 arbeid med publisering fr\u00e5 folk som har mykje kunnskap om det \u00e5 arbeide p\u00e5 tvers av profesjonar. Alt fr\u00e5 det \u00e5 presentere ein forskingside, via respons p\u00e5 teoretiske vinklar og analysestrategi til paper som snart er ferdige er fine greier. Tid:\u00a0Torsdag 2 kl &hellip; <\/p>\n<p class=\"link-more\"><a href=\"https:\/\/blogg.hivolda.no\/fogtps\/skriveseminar-2-3-juni-2022\/\" class=\"more-link\">Fortsett \u00e5 lese<span class=\"screen-reader-text\"> \u00abSkriveseminar 2.-3. juni 2022\u00bb<\/span><\/a><\/p>\n","protected":false},"author":86,"featured_media":0,"parent":0,"menu_order":0,"comment_status":"closed","ping_status":"closed","template":"","meta":{"footnotes":""},"post_mailing_queue_ids":[],"_links":{"self":[{"href":"https:\/\/blogg.hivolda.no\/fogtps\/wp-json\/wp\/v2\/pages\/856"}],"collection":[{"href":"https:\/\/blogg.hivolda.no\/fogtps\/wp-json\/wp\/v2\/pages"}],"about":[{"href":"https:\/\/blogg.hivolda.no\/fogtps\/wp-json\/wp\/v2\/types\/page"}],"author":[{"embeddable":true,"href":"https:\/\/blogg.hivolda.no\/fogtps\/wp-json\/wp\/v2\/users\/86"}],"replies":[{"embeddable":true,"href":"https:\/\/blogg.hivolda.no\/fogtps\/wp-json\/wp\/v2\/comments?post=856"}],"version-history":[{"count":4,"href":"https:\/\/blogg.hivolda.no\/fogtps\/wp-json\/wp\/v2\/pages\/856\/revisions"}],"predecessor-version":[{"id":862,"href":"https:\/\/blogg.hivolda.no\/fogtps\/wp-json\/wp\/v2\/pages\/856\/revisions\/862"}],"wp:attachment":[{"href":"https:\/\/blogg.hivolda.no\/fogtps\/wp-json\/wp\/v2\/media?parent=856"}],"curies":[{"name":"wp","href":"https:\/\/api.w.org\/{rel}","templated":true}]}}