{"id":773,"date":"2021-03-16T15:07:59","date_gmt":"2021-03-16T14:07:59","guid":{"rendered":"https:\/\/blogg.hivolda.no\/fogtps\/?page_id=773"},"modified":"2021-05-25T13:27:59","modified_gmt":"2021-05-25T11:27:59","slug":"skriveseminar-27-28-5-2021","status":"publish","type":"page","link":"https:\/\/blogg.hivolda.no\/fogtps\/skriveseminar-27-28-5-2021\/","title":{"rendered":"Skriveseminar 27-28\/5 2021"},"content":{"rendered":"\n<p>Samlinga er ein stad der du kan presentere og f\u00e5 respons p\u00e5 arbeid med publisering fr\u00e5 folk som har mykje kunnskap om det \u00e5 arbeide p\u00e5 tvers av profesjonar. Alt fr\u00e5 det \u00e5 presentere ein forskingside, via respons p\u00e5 teoretiske vinklar og analysestrategi til paper som snart er ferdige er fine greier.<\/p>\n\n\n\n<p><strong>Tid:<\/strong>&nbsp;Torsdag 27 kl 10.30 til fredag 28 mai kl. 14.00<br><strong>Stad:<\/strong>&nbsp;Quality Hotell Waterfront, \u00c5lesund <br><strong>Kostnad:<\/strong>&nbsp;Inga deltakaravgift. Servering og overnatting vert dekt. Reise m\u00e5 dekkast av eigen institusjon<br><strong>Format:<\/strong>&nbsp;Seminar<br><strong>P\u00e5melding:<\/strong>&nbsp;Send ein e-post til&nbsp;<a href=\"mailto:roars@hivolda.no\">roar.stokken@hivolda.no<\/a><br><strong>Frist:<\/strong>&nbsp;20.mai kl 1200 for p\u00e5melding og innmelding av tema ein \u00f8nskjer diskutert. Grunnen til kl 1200 er at vi m\u00e5 melde antal til hotellet.<br><strong>Sp\u00f8rsm\u00e5l:&nbsp;<\/strong>Roar Stokken p\u00e5 enten 45240204 eller&nbsp;<a href=\"mailto:roars@hivolda.no\">roar.stokken@hivolda.no<\/a><br><em>PS: Det er heilt greit \u00e5 ringe i ordin\u00e6r forskingstid \u2013 alts\u00e5 kveld og helg<\/em><\/p>\n\n\n\n<h3 class=\"wp-block-heading\">Program<\/h3>\n\n\n\n<p><strong>Torsdag 27\/5<br><\/strong>1030 Skriveteknikkar: Om \u00e5 treffe m\u00e5lgruppa<br>1200 Lunsj<br>1300 -1730 Presentasjonar og skriving<br>1900 Middag<\/p>\n\n\n\n<p><strong>Fredag 28\/5<br><\/strong>0900 Presentasjonar og skriving<br>1130 Lunsj<br>1230 Rundebord<br>1400 Avreise<\/p>\n\n\n\n<h3 class=\"wp-block-heading\">P\u00e5melde:<\/h3>\n\n\n\n<ul><li>Atle \u00d8deg\u00e5rd<\/li><li>Helene Hoemsnes<\/li><li>Inger-Marthe S\u00e6vik<\/li><li>Roar Stokken<\/li><li>Siv S\u00e6bj\u00f8rnsen  (ons-fre)<\/li><li>Torhild H\u00f8ydalsvik<\/li><\/ul>\n\n\n\n<p><\/p>\n","protected":false},"excerpt":{"rendered":"<p>Samlinga er ein stad der du kan presentere og f\u00e5 respons p\u00e5 arbeid med publisering fr\u00e5 folk som har mykje kunnskap om det \u00e5 arbeide p\u00e5 tvers av profesjonar. Alt fr\u00e5 det \u00e5 presentere ein forskingside, via respons p\u00e5 teoretiske vinklar og analysestrategi til paper som snart er ferdige er fine greier. Tid:&nbsp;Torsdag 27 kl &hellip; <\/p>\n<p class=\"link-more\"><a href=\"https:\/\/blogg.hivolda.no\/fogtps\/skriveseminar-27-28-5-2021\/\" class=\"more-link\">Fortsett \u00e5 lese<span class=\"screen-reader-text\"> \u00abSkriveseminar 27-28\/5 2021\u00bb<\/span><\/a><\/p>\n","protected":false},"author":86,"featured_media":0,"parent":0,"menu_order":0,"comment_status":"closed","ping_status":"closed","template":"","meta":{"footnotes":""},"post_mailing_queue_ids":[],"_links":{"self":[{"href":"https:\/\/blogg.hivolda.no\/fogtps\/wp-json\/wp\/v2\/pages\/773"}],"collection":[{"href":"https:\/\/blogg.hivolda.no\/fogtps\/wp-json\/wp\/v2\/pages"}],"about":[{"href":"https:\/\/blogg.hivolda.no\/fogtps\/wp-json\/wp\/v2\/types\/page"}],"author":[{"embeddable":true,"href":"https:\/\/blogg.hivolda.no\/fogtps\/wp-json\/wp\/v2\/users\/86"}],"replies":[{"embeddable":true,"href":"https:\/\/blogg.hivolda.no\/fogtps\/wp-json\/wp\/v2\/comments?post=773"}],"version-history":[{"count":11,"href":"https:\/\/blogg.hivolda.no\/fogtps\/wp-json\/wp\/v2\/pages\/773\/revisions"}],"predecessor-version":[{"id":810,"href":"https:\/\/blogg.hivolda.no\/fogtps\/wp-json\/wp\/v2\/pages\/773\/revisions\/810"}],"wp:attachment":[{"href":"https:\/\/blogg.hivolda.no\/fogtps\/wp-json\/wp\/v2\/media?parent=773"}],"curies":[{"name":"wp","href":"https:\/\/api.w.org\/{rel}","templated":true}]}}