{"id":635,"date":"2020-02-19T12:59:35","date_gmt":"2020-02-19T11:59:35","guid":{"rendered":"https:\/\/blogg.hivolda.no\/fogtps\/?page_id=635"},"modified":"2020-03-11T18:34:04","modified_gmt":"2020-03-11T17:34:04","slug":"program-tekster-i-prosess-16-3-2019","status":"publish","type":"page","link":"https:\/\/blogg.hivolda.no\/fogtps\/eigne-samlingar\/tekster-i-prosess-2020-mars\/program-tekster-i-prosess-16-3-2019\/","title":{"rendered":"PROGRAM \u00abTEKSTER I PROSESS\u00bb 16\/3 2020"},"content":{"rendered":"\n<p><a href=\"https:\/\/blogg.hivolda.no\/fogtps\/eigne-samlingar\/tekster-i-prosess-2020-mars\/\">Invitasjonen finn du her<\/a><\/p>\n\n\n\n<p><strong>Deltakarar:<br><\/strong>Helene Hoemsnes<br>Roar Stokken<br>Atle \u00d8deg\u00e5rd<br>Emmy Lang\u00f8y<br>Berit Kalland<br>Elin Mordal<br>Anders Bergst\u00f8l<\/p>\n\n\n\n<p>Videokonf:<br>Kunt Hunnes 10-12<\/p>\n\n\n\n<p><a href=\"https:\/\/blogg.hivolda.no\/fogtps\/eigne-samlingar\/tekster-i-prosess-2020-mars\/abstrakt-tekster-i-prosess-16-3-2020\/\">Abstrakta finn du her<\/a><\/p>\n\n\n\n<p><strong>0930-10<\/strong>15<br>Velkommen<\/p>\n\n\n\n<p>Morten Fjelddahl Jacobsen, Brisk kompetansessenter<\/p>\n\n\n\n<p><\/p>\n\n\n\n<p><strong>1015-1045<br><\/strong>Helene Hoemsnes: Vold i n\u00e6re relasjoner<\/p>\n\n\n\n<p><strong>1045-1100<\/strong><br>Pause<\/p>\n\n\n\n<p><strong>1100-1130<\/strong><br>Knut Hunnes: Opplevelsen av TPS i barnevernet<\/p>\n\n\n\n<p><strong>1130-1200: Berit Kalland<br><\/strong>Gruppeanalyse og samfunn; refleksjon over prosessar i l\u00e6ringsgrupper for studentar<\/p>\n\n\n\n<p><strong>1200-1300<\/strong><br>Lunsj<\/p>\n\n\n\n<p><strong>1300-1330: Emmy Langnes:<br><\/strong>Stemmer kart og terreng? Hva er utfordringene  ute i praksisfeltet og m\u00f8ter Videreutdanning i habilitering og milj\u00f8arbeid disse p\u00e5 adekvat vis?<\/p>\n\n\n\n<p><strong>1330-1400: Elin Mordal<br><\/strong>The impact of structural conditions on maternity care offered in rural Ethiopia, a qualitative study<\/p>\n\n\n\n<p><strong>1400-1415<\/strong><br>Pause<\/p>\n\n\n\n<p><strong>1415-1445<\/strong><br>Anders Bergst\u00f8l: ????<br><\/p>\n\n\n\n<p><strong>1445-1515<\/strong><br>Atle \u00d8deg\u00e5rd: ????<\/p>\n","protected":false},"excerpt":{"rendered":"<p>Invitasjonen finn du her Deltakarar:Helene HoemsnesRoar StokkenAtle \u00d8deg\u00e5rdEmmy Lang\u00f8yBerit KallandElin MordalAnders Bergst\u00f8l Videokonf:Kunt Hunnes 10-12 Abstrakta finn du her 0930-1015Velkommen Morten Fjelddahl Jacobsen, Brisk kompetansessenter 1015-1045Helene Hoemsnes: Vold i n\u00e6re relasjoner 1045-1100Pause 1100-1130Knut Hunnes: Opplevelsen av TPS i barnevernet 1130-1200: Berit KallandGruppeanalyse og samfunn; refleksjon over prosessar i l\u00e6ringsgrupper for studentar 1200-1300Lunsj 1300-1330: Emmy Langnes:Stemmer &hellip; <\/p>\n<p class=\"link-more\"><a href=\"https:\/\/blogg.hivolda.no\/fogtps\/eigne-samlingar\/tekster-i-prosess-2020-mars\/program-tekster-i-prosess-16-3-2019\/\" class=\"more-link\">Fortsett \u00e5 lese<span class=\"screen-reader-text\"> \u00abPROGRAM \u00abTEKSTER I PROSESS\u00bb 16\/3 2020\u00bb<\/span><\/a><\/p>\n","protected":false},"author":86,"featured_media":0,"parent":632,"menu_order":0,"comment_status":"closed","ping_status":"closed","template":"","meta":{"footnotes":""},"post_mailing_queue_ids":[],"_links":{"self":[{"href":"https:\/\/blogg.hivolda.no\/fogtps\/wp-json\/wp\/v2\/pages\/635"}],"collection":[{"href":"https:\/\/blogg.hivolda.no\/fogtps\/wp-json\/wp\/v2\/pages"}],"about":[{"href":"https:\/\/blogg.hivolda.no\/fogtps\/wp-json\/wp\/v2\/types\/page"}],"author":[{"embeddable":true,"href":"https:\/\/blogg.hivolda.no\/fogtps\/wp-json\/wp\/v2\/users\/86"}],"replies":[{"embeddable":true,"href":"https:\/\/blogg.hivolda.no\/fogtps\/wp-json\/wp\/v2\/comments?post=635"}],"version-history":[{"count":15,"href":"https:\/\/blogg.hivolda.no\/fogtps\/wp-json\/wp\/v2\/pages\/635\/revisions"}],"predecessor-version":[{"id":673,"href":"https:\/\/blogg.hivolda.no\/fogtps\/wp-json\/wp\/v2\/pages\/635\/revisions\/673"}],"up":[{"embeddable":true,"href":"https:\/\/blogg.hivolda.no\/fogtps\/wp-json\/wp\/v2\/pages\/632"}],"wp:attachment":[{"href":"https:\/\/blogg.hivolda.no\/fogtps\/wp-json\/wp\/v2\/media?parent=635"}],"curies":[{"name":"wp","href":"https:\/\/api.w.org\/{rel}","templated":true}]}}