{"id":559,"date":"2019-10-17T13:22:16","date_gmt":"2019-10-17T11:22:16","guid":{"rendered":"https:\/\/blogg.hivolda.no\/fogtps\/?page_id=559"},"modified":"2019-11-30T13:27:41","modified_gmt":"2019-11-30T12:27:41","slug":"neon-2019-sesjon-3b-og-4b","status":"publish","type":"page","link":"https:\/\/blogg.hivolda.no\/fogtps\/eigne-samlingar\/neon-2019-sesjon-3b-og-4b\/","title":{"rendered":"NEON 2019 &#8211; Sesjon 3B og 4B"},"content":{"rendered":"\n<h4 class=\"wp-block-heading\"><strong>Ansvarlege for sesjonane:<\/strong>&nbsp;<\/h4>\n\n\n\n<p>Roar Stokken, Fyrsteamanuensis, H\u00f8gskulen i Volda,&nbsp;&nbsp;&nbsp;<a href=\"mailto:roars@hivolda.no\">roars@hivolda.no<\/a>, 45240204<br>Atle&nbsp;\u00d8deg\u00e5rd, Professor, H\u00f8gskolen i Molde<\/p>\n\n\n\n<h4 class=\"wp-block-heading\">Sesjonsomtale<\/h4>\n\n\n\n<p>Omgrep som \u00abSamskaping\u00bb, \u00abinnovasjon\u00bb og \u00abNy offentleg forvaltning\u00bb vert i aukande grad nytta i ulike typer dokument og diskursar som omhandlar &nbsp;korleis kommunene skal l\u00f8yse oppg\u00e5vene sine. N\u00e5r omgrepa skal omsetjast til praksis oppst\u00e5r gjerne ei rekkje utfordringar p\u00e5 mange ulike niv\u00e5. Mange av desse utfordringane er knytt til at kommunane treng eit utvida tverrprofesjonelt og tverretatleg samarbeid for \u00e5 realisere omgrepa. Dette f\u00f8rer til eit behov for forsking som studerer organisering og leiing av tverrprofesjonelt samarbeid i kommunane. &nbsp;Med dette som utgangspunkt \u00f8nskjer vi velkomen bidrag som p\u00e5 ulike m\u00e5tar kastar lys over aspekt som er relevant for tverrprofesjonelt samarbeid i kommunane. Eksempel p\u00e5 fenomen &nbsp;kan til d\u00f8mes vere psykisk helsearbeid, folkehelsearbeid, barnevern, samarbeid mellom helseforetak og kommunar, brukarmedverknad osb. B\u00e5de empiriske og teoretiske bidrag er velkomne.<\/p>\n\n\n\n<h4 class=\"wp-block-heading\">Organisering<\/h4>\n\n\n\n<h5 class=\"wp-block-heading\">F\u00f8r konferansen<\/h5>\n\n\n\n<p><strong>Innsending av kort paper (ca 2000 ord ) <br>Frist:<\/strong> 20\/11 <br>(Sidan folk skal ha h\u00f8ve til \u00e5 lese papera p\u00e5 f\u00f8rehand, ber vi om at denne datoen vert respektert. )<br><strong>Til:<\/strong> roars@hivolda.no<\/p>\n\n\n\n<p>Alle som presenterer f\u00e5r tilgang til alle korte paper. Vi har valt eit kort format for at s\u00e5 mange som r\u00e5d skal ha h\u00f8ve til \u00e5 gjere seg kjend med innhaldet p\u00e5 f\u00f8rehand. Dei som har utkast til fulle paper kan sende inn eit slikt paper i tillegg. Dette vil i s\u00e5 fall bli distribuert til berre opponentar. <\/p>\n\n\n\n<p><strong>Opponent<\/strong><br>Torsdag 21\/11 vil dei som har innlegg bli tildelt eit paper \u00e5 vere f\u00f8rsteopponent p\u00e5.<br>Alle vil f\u00e5 tilgang til alle dei korte papera.<\/p>\n\n\n\n<h5 class=\"wp-block-heading\">Under sesjonane<\/h5>\n\n\n\n<p>Kvart paper f\u00e5r 20 minutt. <br>Det gir oss 10 minutt slakk p\u00e5 kvar sesjon i tilfelle teknisk tr\u00f8bbel ol. <\/p>\n\n\n\n<p>Tid til presentasjon er sett til maksimalt 10 minutt.<br>Opponent f\u00e5r 3- 4 minutt til \u00e5 gi ei konstruktiv tilbakemelding p\u00e5 paperet . <br>Det vil s\u00e5leis bli minst 6 minutt per sesjon til diskusjon og sp\u00f8rsm\u00e5l per paper. <\/p>\n\n\n\n<h3 class=\"wp-block-heading\">3B) Samarbeid i kommunen I<\/h3>\n\n\n\n<p>8:30-10:00&nbsp;Torsdag 28\/11 Lillehammersal II<\/p>\n\n\n\n<h5 class=\"wp-block-heading\">08.30 &#8211; 08.50<\/h5>\n\n\n\n<p><strong>Organising financial resources in the municipality: a case study on integrated service provision to persons with dual diagnosis. <\/strong><br><em>Therese Dwyer L\u00f8ken<sup>1<\/sup>,Aud Johannessen<sup>2<\/sup>,Catharina Bj\u00f8rkquist<sup>1<\/sup><br>1. \u00d8stfold University College, Norway.&nbsp;2. University of South-Eastern Norway, Norway.&nbsp;<\/em><br>Kort og langt paper &#8211; F\u00f8rstekommentator: Atle \u00d8deg\u00e5rd<\/p>\n\n\n\n<h5 class=\"wp-block-heading\">08.50 &#8211; 09.10<\/h5>\n\n\n\n<p><strong>Innbyggerinvolvering og samskaping i norske kommuner<br><\/strong><em>Ailin Aastvedt<sup>1,2<\/sup>,Gunn Kristin Aasen Leikvoll<sup>1<\/sup>,Anette Myhre Momrak<sup>3<\/sup><br>1. Telemarksforsking, Norway.&nbsp;2. H\u00f8gskolen i Innlandet, Norway.&nbsp;3. Universitetet i S\u00f8r\u00f8st-Norge, Norway.&nbsp;<\/em><br>Kort og langt paper -F\u00f8rstekommentator:  Ragnhild Waldahl <\/p>\n\n\n\n<h5 class=\"wp-block-heading\">09.10 &#8211; 09.30<\/h5>\n\n\n\n<p><strong>The Complexity of Stakeholders in Implementation of Technology in Community Health Care &#8211; a roadmap<\/strong><br><em>Monika Knudsen Gullslett Universitetet i S\u00f8r\u00f8st-Norge, Norway.<\/em>&nbsp;<br>Kort paper &#8211; F\u00f8rstekommentator: Roar Stokken<\/p>\n\n\n\n<h5 class=\"wp-block-heading\">09.30 &#8211; 09.50<\/h5>\n\n\n\n<p><strong>Leiing av tverrprofesjonelle team i psykisk helse feltet<\/strong><br><em>Roar Stokken<sup>1<\/sup>,Helene Hoemsnes<sup>2<\/sup>, Knut Hunnes<sup>1<\/sup><\/em><br><em>1)H\u00f8gskulen i Volda, 2)H\u00f8gskolen i Molde<\/em><br>Kort paper &#8211; F\u00f8rstekommentator: Ailin Aastvedt<\/p>\n\n\n\n<h3 class=\"wp-block-heading\">4B) Samarbeid i kommunen II<\/h3>\n\n\n\n<p>11:50-13:20&nbsp;Torsdag 28\/11 Lillehammersal<\/p>\n\n\n\n<h5 class=\"wp-block-heading\">11.50-12.10<\/h5>\n\n\n\n<p>Sa<strong>marbeid om ungdommer p\u00e5 barnevernsinstitusjon<\/strong><br><em>Ellen Aarseth H\u00f8gskulen i Volda, Norway.<\/em>&nbsp;<br>Kort paper &#8211; F\u00f8rstekommentator: Anne Botslangen<\/p>\n\n\n\n<h5 class=\"wp-block-heading\">12.10-12.30<\/h5>\n\n\n\n<p><strong>Welfare service navigators; creating spaces for innovative collaboration?<\/strong><br><em>Ragnhild Waldahl<sup>1<\/sup>,Karin Antonsen<sup>1<\/sup>,Cecilie Anvik<sup>2<\/sup><br>1. Nordlandsforskning, Norway.&nbsp;2. Nord Universitet, Norway.&nbsp;<\/em><br>Kort paper &#8211; F\u00f8rstekommentator: Therese Dwyer L\u00f8ken<\/p>\n\n\n\n<h5 class=\"wp-block-heading\">1230-1250<\/h5>\n\n\n\n<p><strong>Tilrettelagt friluftsliv for mennesker med utviklingshemming<\/strong><br><em>Ingrid Botslangen Frantzen<br>NTNU, Norway.<\/em><br>Kort paper &#8211; F\u00f8rstekommentator: Ellen Aarseth<\/p>\n\n\n\n<h5 class=\"wp-block-heading\">1250-1310<\/h5>\n\n\n\n<p><strong>Friluftsliv som sosial m\u00f8teplass. Analyse av intervju med ledsagere p\u00e5 Friluftsliv tilrettelagt for utviklingshemmede (FTU), Molderegionen<\/strong><br><em>Anne Botslangen<sup>1<\/sup>,G\u00f8ril Groven<sup>2<\/sup><\/em><br>1. H\u00f8gskolen i Molde, Norway.\u00a02. M\u00f8reforskning, Norway.\u00a0<br>Kort paper &#8211; F\u00f8rstekommentator: Monika Knudsen Gullslett<\/p>\n\n\n\n<p><strong>Publisering og formidling:<\/strong>&nbsp;<br>Det vert jobba med ein publiseringskanal for innlegg p\u00e5 sesjonen. Konkret informasjon vil truleg vere klart til konferansen.<\/p>\n","protected":false},"excerpt":{"rendered":"<p>Ansvarlege for sesjonane:&nbsp; Roar Stokken, Fyrsteamanuensis, H\u00f8gskulen i Volda,&nbsp;&nbsp;&nbsp;roars@hivolda.no, 45240204Atle&nbsp;\u00d8deg\u00e5rd, Professor, H\u00f8gskolen i Molde Sesjonsomtale Omgrep som \u00abSamskaping\u00bb, \u00abinnovasjon\u00bb og \u00abNy offentleg forvaltning\u00bb vert i aukande grad nytta i ulike typer dokument og diskursar som omhandlar &nbsp;korleis kommunene skal l\u00f8yse oppg\u00e5vene sine. N\u00e5r omgrepa skal omsetjast til praksis oppst\u00e5r gjerne ei rekkje utfordringar p\u00e5 mange &hellip; <\/p>\n<p class=\"link-more\"><a href=\"https:\/\/blogg.hivolda.no\/fogtps\/eigne-samlingar\/neon-2019-sesjon-3b-og-4b\/\" class=\"more-link\">Fortsett \u00e5 lese<span class=\"screen-reader-text\"> \u00abNEON 2019 &#8211; Sesjon 3B og 4B\u00bb<\/span><\/a><\/p>\n","protected":false},"author":86,"featured_media":517,"parent":15,"menu_order":0,"comment_status":"closed","ping_status":"closed","template":"","meta":{"footnotes":""},"post_mailing_queue_ids":[],"_links":{"self":[{"href":"https:\/\/blogg.hivolda.no\/fogtps\/wp-json\/wp\/v2\/pages\/559"}],"collection":[{"href":"https:\/\/blogg.hivolda.no\/fogtps\/wp-json\/wp\/v2\/pages"}],"about":[{"href":"https:\/\/blogg.hivolda.no\/fogtps\/wp-json\/wp\/v2\/types\/page"}],"author":[{"embeddable":true,"href":"https:\/\/blogg.hivolda.no\/fogtps\/wp-json\/wp\/v2\/users\/86"}],"replies":[{"embeddable":true,"href":"https:\/\/blogg.hivolda.no\/fogtps\/wp-json\/wp\/v2\/comments?post=559"}],"version-history":[{"count":15,"href":"https:\/\/blogg.hivolda.no\/fogtps\/wp-json\/wp\/v2\/pages\/559\/revisions"}],"predecessor-version":[{"id":593,"href":"https:\/\/blogg.hivolda.no\/fogtps\/wp-json\/wp\/v2\/pages\/559\/revisions\/593"}],"up":[{"embeddable":true,"href":"https:\/\/blogg.hivolda.no\/fogtps\/wp-json\/wp\/v2\/pages\/15"}],"wp:featuredmedia":[{"embeddable":true,"href":"https:\/\/blogg.hivolda.no\/fogtps\/wp-json\/wp\/v2\/media\/517"}],"wp:attachment":[{"href":"https:\/\/blogg.hivolda.no\/fogtps\/wp-json\/wp\/v2\/media?parent=559"}],"curies":[{"name":"wp","href":"https:\/\/api.w.org\/{rel}","templated":true}]}}