{"id":527,"date":"2019-10-10T10:35:27","date_gmt":"2019-10-10T08:35:27","guid":{"rendered":"https:\/\/blogg.hivolda.no\/fogtps\/?page_id=527"},"modified":"2019-10-23T13:48:08","modified_gmt":"2019-10-23T11:48:08","slug":"seminar-24-25-10-2019","status":"publish","type":"page","link":"https:\/\/blogg.hivolda.no\/fogtps\/eigne-samlingar\/seminar-24-25-10-2019\/","title":{"rendered":"TPS-seminar 24-25\/10 2019"},"content":{"rendered":"\n<p>Seminaret er ein arena for utvikling av felles tankar om TPS mellom H\u00f8gsolen i Molde og H\u00f8gskulen i Volda.<\/p>\n\n\n\n<p><strong>Tid:<\/strong>&nbsp;Torsdag 24 kl 11.30 til fredag 25 oktober kl. 15.00<br><strong>Stad:<\/strong>&nbsp;<a rel=\"noreferrer noopener\" aria-label=\" (\u00e5pner i en ny fane)\" href=\"https:\/\/goo.gl\/maps\/JPGEJ1cBee4eGew29\" target=\"_blank\">\u00d8ye hotell, Nordangsdalen, \u00d8rsta<\/a><br><strong>Kostnad:<\/strong>&nbsp;Inga deltakaravgift. Servering og overnatting vert dekt. Reise m\u00e5 dekkast av eigen institusjon<br><strong>Format:<\/strong>&nbsp;Seminar<br><strong>P\u00e5melding:<\/strong>&nbsp;Send ein e-post til&nbsp;<a href=\"mailto:roars@hivolda.no\">roar.stokken@hivolda.no<\/a><br><strong>Frist:<\/strong>&nbsp;14.oktober kl 1200 for p\u00e5melding og innmelding av tema ein \u00f8nskjer diskutert. Grunnen til kl 1200 er at vi m\u00e5 melde antal til hotellet.<br><strong>Sp\u00f8rsm\u00e5l:&nbsp;<\/strong>Roar Stokken p\u00e5 enten 45240204 eller&nbsp;<a href=\"mailto:roars@hivolda.no\">roar.stokken@hivolda.no<\/a><br><em>PS: Det er heilt greit \u00e5 ringe i ordin\u00e6r forskingstid \u2013 alts\u00e5 kveld og helg<\/em><\/p>\n\n\n\n<h3 class=\"wp-block-heading\">Program<\/h3>\n\n\n\n<p><strong>Torsdag 24\/10<br><\/strong>1130 Lunsj<br>1230 Norskspr\u00e5kleg publiseringskanal for TPS-forsking<br>1530 TP-aspekt ved Tverrfaglig helsestasjon i Kristiansund &#8211; Helene<br>1630 Skisse til bokprosjekt: Interkulturelt samarbeid &#8211; Siv<br>1900 Middag<\/p>\n\n\n\n<p><strong>Fredag 25\/10<br><\/strong>0900 Diskusjon om TPS-undervisning i bachelor- og masterstudia &#8211; Hans Petter og Atle<br>1100 Tverrprofesjonelle aspekt ved sp\u00f8rjeskjema om forskingsformidling og til barnevernstenestene &#8211; Roar<br>1200 Lunsj<br>Avreise<\/p>\n\n\n\n<h3 class=\"wp-block-heading\">P\u00e5melde:<\/h3>\n\n\n\n<ul><li>Atle \u00d8deg\u00e5rd<\/li><li>Helene Hoemsnes<\/li><li>Knut Hunnes (kjem fredag morgon) <\/li><li>Siv S\u00e6bj\u00f8rnsen (kjem torsdag kl 1400)<\/li><li>Roar Stokken<\/li><li>Betina Olson (kjem fredag morgon)<\/li><\/ul>\n\n\n\n<p><\/p>\n","protected":false},"excerpt":{"rendered":"<p>Seminaret er ein arena for utvikling av felles tankar om TPS mellom H\u00f8gsolen i Molde og H\u00f8gskulen i Volda. Tid:&nbsp;Torsdag 24 kl 11.30 til fredag 25 oktober kl. 15.00Stad:&nbsp;\u00d8ye hotell, Nordangsdalen, \u00d8rstaKostnad:&nbsp;Inga deltakaravgift. Servering og overnatting vert dekt. Reise m\u00e5 dekkast av eigen institusjonFormat:&nbsp;SeminarP\u00e5melding:&nbsp;Send ein e-post til&nbsp;roar.stokken@hivolda.noFrist:&nbsp;14.oktober kl 1200 for p\u00e5melding og innmelding av tema &hellip; <\/p>\n<p class=\"link-more\"><a href=\"https:\/\/blogg.hivolda.no\/fogtps\/eigne-samlingar\/seminar-24-25-10-2019\/\" class=\"more-link\">Fortsett \u00e5 lese<span class=\"screen-reader-text\"> \u00abTPS-seminar 24-25\/10 2019\u00bb<\/span><\/a><\/p>\n","protected":false},"author":86,"featured_media":0,"parent":15,"menu_order":0,"comment_status":"closed","ping_status":"closed","template":"","meta":{"footnotes":""},"post_mailing_queue_ids":[],"_links":{"self":[{"href":"https:\/\/blogg.hivolda.no\/fogtps\/wp-json\/wp\/v2\/pages\/527"}],"collection":[{"href":"https:\/\/blogg.hivolda.no\/fogtps\/wp-json\/wp\/v2\/pages"}],"about":[{"href":"https:\/\/blogg.hivolda.no\/fogtps\/wp-json\/wp\/v2\/types\/page"}],"author":[{"embeddable":true,"href":"https:\/\/blogg.hivolda.no\/fogtps\/wp-json\/wp\/v2\/users\/86"}],"replies":[{"embeddable":true,"href":"https:\/\/blogg.hivolda.no\/fogtps\/wp-json\/wp\/v2\/comments?post=527"}],"version-history":[{"count":23,"href":"https:\/\/blogg.hivolda.no\/fogtps\/wp-json\/wp\/v2\/pages\/527\/revisions"}],"predecessor-version":[{"id":578,"href":"https:\/\/blogg.hivolda.no\/fogtps\/wp-json\/wp\/v2\/pages\/527\/revisions\/578"}],"up":[{"embeddable":true,"href":"https:\/\/blogg.hivolda.no\/fogtps\/wp-json\/wp\/v2\/pages\/15"}],"wp:attachment":[{"href":"https:\/\/blogg.hivolda.no\/fogtps\/wp-json\/wp\/v2\/media?parent=527"}],"curies":[{"name":"wp","href":"https:\/\/api.w.org\/{rel}","templated":true}]}}