{"id":409,"date":"2019-02-07T13:48:22","date_gmt":"2019-02-07T12:48:22","guid":{"rendered":"https:\/\/blogg.hivolda.no\/fogtps\/?page_id=409"},"modified":"2019-10-10T10:36:20","modified_gmt":"2019-10-10T08:36:20","slug":"program-tekster-i-prosess-12-3-2019","status":"publish","type":"page","link":"https:\/\/blogg.hivolda.no\/fogtps\/eigne-samlingar\/12-3-2019-tekster-i-prosess\/program-tekster-i-prosess-12-3-2019\/","title":{"rendered":"Program &laquo;Tekster i prosess&raquo; 12\/3 2019"},"content":{"rendered":"\n<p><a href=\"https:\/\/blogg.hivolda.no\/fogtps\/12-3-2019-tekster-i-prosess\/\">Invitasjonen finn du her<\/a><\/p>\n\n\n\n<p><strong>Deltakarar:<br><\/strong>Thrine Marie N\u00f8st Bromstad<br>Bente Hasle<br>Helene Hoemsnes<br>Hans Petter Iversen<br>Roar Stokken<br>Siv Elin Nord S\u00e6bj\u00f8rnsen<br>Atle \u00d8deg\u00e5rd<br>Ellen Aarseth<br><\/p>\n\n\n\n<p><a href=\"https:\/\/blogg.hivolda.no\/fogtps\/abstrakt-tekster-i-prosess-12-3-2019\/\">Abstrakta finn du her<\/a><\/p>\n\n\n\n<p><strong>0930-1000<\/strong><br>Velkommen og presentasjon<\/p>\n\n\n\n<p><strong>1000-1045<br><\/strong><em>Atle \u00d8deg\u00e5rd<br><\/em>Innleiing: Det vanskelige begrepet tverrprofesjonelt samarbeid: Fra fenomen via konseptuelle modeller til forskning og publisering<\/p>\n\n\n\n<p><strong>1045-1100<\/strong><br>Pause<\/p>\n\n\n\n<p><strong>1100-1130<\/strong><br><em>Helene Hoemsnes &#8211; ide til artikkel<\/em><br>Marginaliseringmekanismer n\u00e5r en profesjon er dominerende. <br><a href=\"https:\/\/blogg.hivolda.no\/fogtps\/2019\/02\/14\/tverrprofesjonelle-erfaringer-i-porto\/\">Basert p\u00e5 dette blogginnlegget<\/a><br><em>F\u00f8rstekommentator: Ellen Aarseth<\/em><br><\/p>\n\n\n\n<p><strong>1130-1200<\/strong><br><em>Ellen Aarseth &#8211; Fr\u00e5 Masteroppg\u00e5ve til artikkel<\/em><br>Samarbeid om samordnede tjenester for ungdom p\u00e5 institusjon<br><em>F\u00f8rstekommentator: Helene Hoemsnes<\/em><br><\/p>\n\n\n\n<p><strong>1200-1300<\/strong><br>Lunsj<\/p>\n\n\n\n<p><strong>1300-1330<\/strong><br><em>Siv Elin Nord S\u00e6bj\u00f8rnsen og Thrine Marie N\u00f8st Bromstad<\/em><br>Reciprocal student exchange and international collaboration for improvement of life quality for children with special needs in Norway and Tanzania.<br><em>F\u00f8rstekommentator: Bente Hasle<\/em><\/p>\n\n\n\n<p><strong>1330-1400<\/strong><br><em>Bente Hasle &#8211; artikkelutkast<br><\/em>Utfordringer og muligheter i fasilitering av nettbaserte tverrprofesjonelle studentgrupper<br><em>F\u00f8rstekommentator: Hans Petter Iversen<\/em><br><\/p>\n\n\n\n<p><strong>1400-1415<\/strong><br>Pause<\/p>\n\n\n\n<p><strong>1415-1445<\/strong><br><em>Roar Stokken &#8211; Ide til artikkel<\/em><br>Responsible research and innovation in an international interprofessional collaboration between researchers <br><em>F\u00f8rstekommentator: Atle \u00d8deg\u00e5rd<\/em><br><\/p>\n\n\n\n<p><strong>1445-1515<\/strong><br><em>Hans Petter Iversen og Atle \u00d8deg\u00e5rd<br><\/em>Digitalisering av menneskelige relasjoner. Et vitenskapelig essay om velferdsteknologi inn i framtida<br><em>F\u00f8rstekommentator: Roar Stokken<\/em><br><\/p>\n","protected":false},"excerpt":{"rendered":"<p>Invitasjonen finn du her Deltakarar:Thrine Marie N\u00f8st BromstadBente HasleHelene HoemsnesHans Petter IversenRoar StokkenSiv Elin Nord S\u00e6bj\u00f8rnsenAtle \u00d8deg\u00e5rdEllen Aarseth Abstrakta finn du her 0930-1000Velkommen og presentasjon 1000-1045Atle \u00d8deg\u00e5rdInnleiing: Det vanskelige begrepet tverrprofesjonelt samarbeid: Fra fenomen via konseptuelle modeller til forskning og publisering 1045-1100Pause 1100-1130Helene Hoemsnes &#8211; ide til artikkelMarginaliseringmekanismer n\u00e5r en profesjon er dominerende. Basert p\u00e5 &hellip; <\/p>\n<p class=\"link-more\"><a href=\"https:\/\/blogg.hivolda.no\/fogtps\/eigne-samlingar\/12-3-2019-tekster-i-prosess\/program-tekster-i-prosess-12-3-2019\/\" class=\"more-link\">Fortsett \u00e5 lese<span class=\"screen-reader-text\"> \u00abProgram &laquo;Tekster i prosess&raquo; 12\/3 2019\u00bb<\/span><\/a><\/p>\n","protected":false},"author":86,"featured_media":0,"parent":376,"menu_order":0,"comment_status":"closed","ping_status":"closed","template":"","meta":{"footnotes":""},"post_mailing_queue_ids":[],"_links":{"self":[{"href":"https:\/\/blogg.hivolda.no\/fogtps\/wp-json\/wp\/v2\/pages\/409"}],"collection":[{"href":"https:\/\/blogg.hivolda.no\/fogtps\/wp-json\/wp\/v2\/pages"}],"about":[{"href":"https:\/\/blogg.hivolda.no\/fogtps\/wp-json\/wp\/v2\/types\/page"}],"author":[{"embeddable":true,"href":"https:\/\/blogg.hivolda.no\/fogtps\/wp-json\/wp\/v2\/users\/86"}],"replies":[{"embeddable":true,"href":"https:\/\/blogg.hivolda.no\/fogtps\/wp-json\/wp\/v2\/comments?post=409"}],"version-history":[{"count":13,"href":"https:\/\/blogg.hivolda.no\/fogtps\/wp-json\/wp\/v2\/pages\/409\/revisions"}],"predecessor-version":[{"id":474,"href":"https:\/\/blogg.hivolda.no\/fogtps\/wp-json\/wp\/v2\/pages\/409\/revisions\/474"}],"up":[{"embeddable":true,"href":"https:\/\/blogg.hivolda.no\/fogtps\/wp-json\/wp\/v2\/pages\/376"}],"wp:attachment":[{"href":"https:\/\/blogg.hivolda.no\/fogtps\/wp-json\/wp\/v2\/media?parent=409"}],"curies":[{"name":"wp","href":"https:\/\/api.w.org\/{rel}","templated":true}]}}