{"id":376,"date":"2019-01-29T14:01:59","date_gmt":"2019-01-29T13:01:59","guid":{"rendered":"https:\/\/blogg.hivolda.no\/fogtps\/?page_id=376"},"modified":"2019-10-10T10:37:18","modified_gmt":"2019-10-10T08:37:18","slug":"12-3-2019-tekster-i-prosess","status":"publish","type":"page","link":"https:\/\/blogg.hivolda.no\/fogtps\/eigne-samlingar\/12-3-2019-tekster-i-prosess\/","title":{"rendered":"Tekster i prosess 2019:Mars"},"content":{"rendered":"\n<p><strong>Vi gjentek suksessen, og arrangerer &laquo;Tekster i prosess&raquo; igjen. <\/strong><\/p>\n\n\n\n<p>Samlingane er ein stad der du kan presentere og f\u00e5 respons p\u00e5 eit skriftleg arbeid. Dette strekkjer seg fr\u00e5 presentasjon av ein forskingside, via respons p\u00e5 teoretiske vinklar og analysestrategi til paper som snart er ferdige.<\/p>\n\n\n\n<figure class=\"wp-block-image\"><img loading=\"lazy\" decoding=\"async\" width=\"1024\" height=\"537\" src=\"https:\/\/blogg.hivolda.no\/fogtps\/wp-content\/uploads\/sites\/110\/2019\/02\/IMG_5017-1024x537.jpg\" alt=\"\" class=\"wp-image-405\" srcset=\"https:\/\/blogg.hivolda.no\/fogtps\/wp-content\/uploads\/sites\/110\/2019\/02\/IMG_5017-1024x537.jpg 1024w, https:\/\/blogg.hivolda.no\/fogtps\/wp-content\/uploads\/sites\/110\/2019\/02\/IMG_5017-300x157.jpg 300w, https:\/\/blogg.hivolda.no\/fogtps\/wp-content\/uploads\/sites\/110\/2019\/02\/IMG_5017-768x403.jpg 768w\" sizes=\"(max-width: 767px) 89vw, (max-width: 1000px) 54vw, (max-width: 1071px) 543px, 580px\" \/><figcaption>Treng du hjelp til \u00e5 treffe blink med prosjektet eller publikasjonen din?<\/figcaption><\/figure>\n\n\n\n<p><strong>Tid:<\/strong>\u00a0Torsdag 12. mars 2019 kl. 09.30 \u2013 ca 15.15<br><strong>Stad:<\/strong>\u00a0<a href=\"https:\/\/www.thonhotels.com\/our-hotels\/norway\/alesund\/thon-hotel-baronen\/\">Baronen &#8211; Spjelkavik<\/a><br><strong>Kostnad:<\/strong>\u00a0Inga deltakaravgift. Varm lunsj inkludert.\u00a0Reise m\u00e5 dekkast av eigen institusjon<br><strong>Format:<\/strong>\u00a0Kvar tekst f\u00e5r 30 minutt. (15-20 til presentasjon, 10-15 minutt til diskusjon)\u00a0Presentasjon gir grunnlag for registrering i Cristin.<br><strong>P\u00e5melding:<\/strong>\u00a0Send ein e-post til\u00a0<a href=\"mailto:roars@hivolda.no\">roar.stokken@hivolda.no<\/a><br><strong>Frist:<\/strong>\u00a08.mars kl 1200 for p\u00e5melding <del>og abstrakt\/paper<\/del> (programmet er fullt). Grunnen til kl 1200 er at vi m\u00e5 melde antal til hotellet ei veke f\u00f8r.<br><strong>Program:<\/strong>\u00a0<a href=\"https:\/\/blogg.hivolda.no\/fogtps\/program-tekster-i-prosess-12-3-2019\/\">Programmet ligg her &#8211; og vil bli l\u00f8pande oppdatert<\/a><br><strong>Abstrakt<\/strong>: <a href=\"https:\/\/blogg.hivolda.no\/fogtps\/abstrakt-tekster-i-prosess-12-3-2019\/\">Abstrakta ligg her &#8211; og vil bli l\u00f8pande oppdatert<\/a><br><strong>Sp\u00f8rsm\u00e5l:\u00a0<\/strong>Roar Stokken p\u00e5 enten 45240204 eller\u00a0<a href=\"mailto:roars@hivolda.no\">roar.stokken@hivolda.no<\/a><br><em>PS: Det er heilt greit \u00e5 ringe i ordin\u00e6r forskingstid \u2013 alts\u00e5 kveld og helg<\/em><br><\/p>\n\n\n\n<p><br><\/p>\n","protected":false},"excerpt":{"rendered":"<p>Vi gjentek suksessen, og arrangerer &laquo;Tekster i prosess&raquo; igjen. Samlingane er ein stad der du kan presentere og f\u00e5 respons p\u00e5 eit skriftleg arbeid. Dette strekkjer seg fr\u00e5 presentasjon av ein forskingside, via respons p\u00e5 teoretiske vinklar og analysestrategi til paper som snart er ferdige. Tid:\u00a0Torsdag 12. mars 2019 kl. 09.30 \u2013 ca 15.15Stad:\u00a0Baronen &#8211; &hellip; <\/p>\n<p class=\"link-more\"><a href=\"https:\/\/blogg.hivolda.no\/fogtps\/eigne-samlingar\/12-3-2019-tekster-i-prosess\/\" class=\"more-link\">Fortsett \u00e5 lese<span class=\"screen-reader-text\"> \u00abTekster i prosess 2019:Mars\u00bb<\/span><\/a><\/p>\n","protected":false},"author":86,"featured_media":0,"parent":15,"menu_order":0,"comment_status":"closed","ping_status":"closed","template":"","meta":{"footnotes":""},"post_mailing_queue_ids":[],"_links":{"self":[{"href":"https:\/\/blogg.hivolda.no\/fogtps\/wp-json\/wp\/v2\/pages\/376"}],"collection":[{"href":"https:\/\/blogg.hivolda.no\/fogtps\/wp-json\/wp\/v2\/pages"}],"about":[{"href":"https:\/\/blogg.hivolda.no\/fogtps\/wp-json\/wp\/v2\/types\/page"}],"author":[{"embeddable":true,"href":"https:\/\/blogg.hivolda.no\/fogtps\/wp-json\/wp\/v2\/users\/86"}],"replies":[{"embeddable":true,"href":"https:\/\/blogg.hivolda.no\/fogtps\/wp-json\/wp\/v2\/comments?post=376"}],"version-history":[{"count":14,"href":"https:\/\/blogg.hivolda.no\/fogtps\/wp-json\/wp\/v2\/pages\/376\/revisions"}],"predecessor-version":[{"id":529,"href":"https:\/\/blogg.hivolda.no\/fogtps\/wp-json\/wp\/v2\/pages\/376\/revisions\/529"}],"up":[{"embeddable":true,"href":"https:\/\/blogg.hivolda.no\/fogtps\/wp-json\/wp\/v2\/pages\/15"}],"wp:attachment":[{"href":"https:\/\/blogg.hivolda.no\/fogtps\/wp-json\/wp\/v2\/media?parent=376"}],"curies":[{"name":"wp","href":"https:\/\/api.w.org\/{rel}","templated":true}]}}