{"id":264,"date":"2018-08-16T12:47:55","date_gmt":"2018-08-16T10:47:55","guid":{"rendered":"https:\/\/blogg.hivolda.no\/fogtps\/?page_id=264"},"modified":"2018-09-13T12:51:45","modified_gmt":"2018-09-13T10:51:45","slug":"sakornkonferanse","status":"publish","type":"page","link":"https:\/\/blogg.hivolda.no\/fogtps\/eigne-samlingar\/sakornkonferanse\/","title":{"rendered":"S\u00e5kornkonferanse Barneblikk"},"content":{"rendered":"<p><strong>Tid:<\/strong>\u00a0Tysdag 16. oktober \u00a02018 kl. 10.00 \u2013 16.00<br \/>\n<strong>Stad:<\/strong>\u00a0H\u00f8gskulen i Molde<br \/>\n<strong>Kostnad:<\/strong>\u00a0Inga deltakaravgift. Reise m\u00e5 dekkast av eigen institusjon<br \/>\n<strong>Format:\u00a0<\/strong>Introduksjon og gruppearbeid med m\u00e5l om \u00e5 utvikle idear til<br \/>\n<strong>P\u00e5melding:\u00a0<\/strong><a href=\"https:\/\/svar.hivolda.no\/LinkCollector?key=9ZG6KXVUC632\">Webskjema her<\/a><strong>.<\/strong><br \/>\n<strong>Frist:<\/strong>\u00a0Onsdag 10\/10 kl 1000<br \/>\n<strong>Sp\u00f8rsm\u00e5l:\u00a0<\/strong>Roar Stokken p\u00e5 enten 45240204 eller\u00a0<a href=\"mailto:roars@hivolda.no\">roar.stokken@hivolda.no<\/a><\/p>\n<p><a href=\"https:\/\/blogg.hivolda.no\/fogtps\/2018\/08\/24\/sakornsamling\/\">Invitasjonen finn du her<\/a><\/p>\n<h2><strong>Program:<\/strong><\/h2>\n<p><strong>1000: Introduksjon<br \/>\n<\/strong>Rom:\u00a0A-2.042-4<\/p>\n<ul>\n<li>Grunnen til at vi er her <em>v\/Roar Stokken og Jan Ole Bols\u00f8<\/em><\/li>\n<li>Om Barneblikk <em>v\/Mette Grytten<\/em><\/li>\n<\/ul>\n<p><strong>1030: Kafedialog<\/strong><br \/>\nRom:: A-2.042-4<br \/>\n<em>Leia av Jan Ole Bols\u00f8<\/em><br \/>\nVi jobbar i grupper og g\u00e5r fr\u00e5 bord til bord og diskuterer:<\/p>\n<ul>\n<li>M\u00e5lgruppa<\/li>\n<li>Lavterskeltilbod<\/li>\n<li>Gode tenester for heile familien<\/li>\n<li>Reell brukarmedverknad i eit familieperspektiv<\/li>\n<li>Godt samarbeid mellom spesialist og prim\u00e6rhelseteneste<\/li>\n<li>Tillit til Barneblikk<\/li>\n<\/ul>\n<p><strong>1200: Lunsj<\/strong><\/p>\n<p><strong>1300: Om prosjektkanvas i plenum<\/strong><br \/>\nRom:\u00a0A-2.042-4<br \/>\n<em>v\/Roar Stokken<\/em><\/p>\n<p><strong>1315: Prosjektkanvas i grupper<\/strong><br \/>\nRom: B-263aGr, B-352aGr,\u00a0B-358aGr, B-358bGr, B-359Gr<br \/>\nVi fordeler oss p\u00e5 tema fr\u00e5 kafedialogen, og utviklar idear til forskingsprosjekt.<\/p>\n<p><strong>1500: Id\u00e9deling i plenum<\/strong><\/p>\n","protected":false},"excerpt":{"rendered":"<p>Tid:\u00a0Tysdag 16. oktober \u00a02018 kl. 10.00 \u2013 16.00 Stad:\u00a0H\u00f8gskulen i Molde Kostnad:\u00a0Inga deltakaravgift. Reise m\u00e5 dekkast av eigen institusjon Format:\u00a0Introduksjon og gruppearbeid med m\u00e5l om \u00e5 utvikle idear til P\u00e5melding:\u00a0Webskjema her. Frist:\u00a0Onsdag 10\/10 kl 1000 Sp\u00f8rsm\u00e5l:\u00a0Roar Stokken p\u00e5 enten 45240204 eller\u00a0roar.stokken@hivolda.no Invitasjonen finn du her Program: 1000: Introduksjon Rom:\u00a0A-2.042-4 Grunnen til at vi er her &hellip; <\/p>\n<p class=\"link-more\"><a href=\"https:\/\/blogg.hivolda.no\/fogtps\/eigne-samlingar\/sakornkonferanse\/\" class=\"more-link\">Fortsett \u00e5 lese<span class=\"screen-reader-text\"> \u00abS\u00e5kornkonferanse Barneblikk\u00bb<\/span><\/a><\/p>\n","protected":false},"author":86,"featured_media":0,"parent":15,"menu_order":0,"comment_status":"closed","ping_status":"closed","template":"","meta":{"footnotes":""},"post_mailing_queue_ids":[],"_links":{"self":[{"href":"https:\/\/blogg.hivolda.no\/fogtps\/wp-json\/wp\/v2\/pages\/264"}],"collection":[{"href":"https:\/\/blogg.hivolda.no\/fogtps\/wp-json\/wp\/v2\/pages"}],"about":[{"href":"https:\/\/blogg.hivolda.no\/fogtps\/wp-json\/wp\/v2\/types\/page"}],"author":[{"embeddable":true,"href":"https:\/\/blogg.hivolda.no\/fogtps\/wp-json\/wp\/v2\/users\/86"}],"replies":[{"embeddable":true,"href":"https:\/\/blogg.hivolda.no\/fogtps\/wp-json\/wp\/v2\/comments?post=264"}],"version-history":[{"count":22,"href":"https:\/\/blogg.hivolda.no\/fogtps\/wp-json\/wp\/v2\/pages\/264\/revisions"}],"predecessor-version":[{"id":317,"href":"https:\/\/blogg.hivolda.no\/fogtps\/wp-json\/wp\/v2\/pages\/264\/revisions\/317"}],"up":[{"embeddable":true,"href":"https:\/\/blogg.hivolda.no\/fogtps\/wp-json\/wp\/v2\/pages\/15"}],"wp:attachment":[{"href":"https:\/\/blogg.hivolda.no\/fogtps\/wp-json\/wp\/v2\/media?parent=264"}],"curies":[{"name":"wp","href":"https:\/\/api.w.org\/{rel}","templated":true}]}}