{"id":254,"date":"2018-08-14T08:27:19","date_gmt":"2018-08-14T06:27:19","guid":{"rendered":"https:\/\/blogg.hivolda.no\/fogtps\/?page_id=254"},"modified":"2018-08-15T10:36:02","modified_gmt":"2018-08-15T08:36:02","slug":"program_medforskningsseminar","status":"publish","type":"page","link":"https:\/\/blogg.hivolda.no\/fogtps\/eigne-samlingar\/program_medforskningsseminar\/","title":{"rendered":"Medforskningsseminar 2018 &#8211; program"},"content":{"rendered":"<p><strong>Tid:<\/strong>\u00a0M\u00e5ndag 24. september 2018 kl. 10.30 \u2013 15.30<br \/>\n<strong>Stad:<\/strong>\u00a0H\u00f8gskulen i Molde<br \/>\n<strong>Kostnad:<\/strong>\u00a0Inga deltakaravgift. Reise m\u00e5 dekkast av eigen institusjon<br \/>\n<strong>Format:\u00a0<\/strong>Introduksjon og gruppearbeid med m\u00e5l om \u00e5 skrive blogginnlegg.<br \/>\n<strong>P\u00e5melding:<\/strong>\u00a0<a href=\"https:\/\/svar.hivolda.no\/LinkCollector?key=R17Q4SVZC6C2\">Webskjema med val av grupper<\/a><br \/>\n<strong>Frist:<\/strong>\u00a0M\u00e5ndag 17\/9 kl 1600<br \/>\n<strong>Program:<\/strong> Dette vil kome oppdatert<br \/>\n<strong>Sp\u00f8rsm\u00e5l:\u00a0<\/strong>Roar Stokken p\u00e5 enten 45240204 eller\u00a0<a href=\"mailto:roars@hivolda.no\">roar.stokken@hivolda.no<\/a><\/p>\n<h2>Program;<\/h2>\n<h4>1030-1200: Innleiingar<\/h4>\n<p>Rom: B 262<\/p>\n<p>1030-1115<br \/>\n<em>Dagfinn Bj\u00f8rgen, Kompetansesenter for brukererfaring og tjenesteutvikling (KBT), Trondheim<\/em><br \/>\nErfaringer fra \u00e5 forske sammen med brukere innen psykisk helse.<\/p>\n<p>1115-1135<br \/>\n<em>Hege Bakken, H\u00f8gskolen i Molde<\/em><br \/>\nErfaringer fra \u00e5 forske sammen med utviklingshemmede.<\/p>\n<p>1135-1155<br \/>\n<em>Bente Hasle, H\u00f8gskulen i Volda<br \/>\n<\/em>Erfaringer fra \u00e5 forske sammen med barn.<\/p>\n<h4>1200-1300: Lunsj i kantina<\/h4>\n<h4>1300-1500: Arbeid i grupper<\/h4>\n<p>Diskusjon av praktiske og etiske utfordringar med utviklingshemma, barn, brukarar av psykiske helsetenester og &#8230; som medforskarar.<\/p>\n<p>Diskusjonen vert samanfatta i ein tekst som vert gjort tilgjengeleg p\u00e5 TPS-gruppa sin blogg.<\/p>\n<h4>1500-1600: Oppsummering i plenum<\/h4>\n<p>Rom: B 262<\/p>\n<p>&nbsp;<\/p>\n","protected":false},"excerpt":{"rendered":"<p>Tid:\u00a0M\u00e5ndag 24. september 2018 kl. 10.30 \u2013 15.30 Stad:\u00a0H\u00f8gskulen i Molde Kostnad:\u00a0Inga deltakaravgift. Reise m\u00e5 dekkast av eigen institusjon Format:\u00a0Introduksjon og gruppearbeid med m\u00e5l om \u00e5 skrive blogginnlegg. P\u00e5melding:\u00a0Webskjema med val av grupper Frist:\u00a0M\u00e5ndag 17\/9 kl 1600 Program: Dette vil kome oppdatert Sp\u00f8rsm\u00e5l:\u00a0Roar Stokken p\u00e5 enten 45240204 eller\u00a0roar.stokken@hivolda.no Program; 1030-1200: Innleiingar Rom: B 262 1030-1115 &hellip; <\/p>\n<p class=\"link-more\"><a href=\"https:\/\/blogg.hivolda.no\/fogtps\/eigne-samlingar\/program_medforskningsseminar\/\" class=\"more-link\">Fortsett \u00e5 lese<span class=\"screen-reader-text\"> \u00abMedforskningsseminar 2018 &#8211; program\u00bb<\/span><\/a><\/p>\n","protected":false},"author":86,"featured_media":0,"parent":15,"menu_order":0,"comment_status":"closed","ping_status":"closed","template":"","meta":{"footnotes":""},"post_mailing_queue_ids":[],"_links":{"self":[{"href":"https:\/\/blogg.hivolda.no\/fogtps\/wp-json\/wp\/v2\/pages\/254"}],"collection":[{"href":"https:\/\/blogg.hivolda.no\/fogtps\/wp-json\/wp\/v2\/pages"}],"about":[{"href":"https:\/\/blogg.hivolda.no\/fogtps\/wp-json\/wp\/v2\/types\/page"}],"author":[{"embeddable":true,"href":"https:\/\/blogg.hivolda.no\/fogtps\/wp-json\/wp\/v2\/users\/86"}],"replies":[{"embeddable":true,"href":"https:\/\/blogg.hivolda.no\/fogtps\/wp-json\/wp\/v2\/comments?post=254"}],"version-history":[{"count":9,"href":"https:\/\/blogg.hivolda.no\/fogtps\/wp-json\/wp\/v2\/pages\/254\/revisions"}],"predecessor-version":[{"id":277,"href":"https:\/\/blogg.hivolda.no\/fogtps\/wp-json\/wp\/v2\/pages\/254\/revisions\/277"}],"up":[{"embeddable":true,"href":"https:\/\/blogg.hivolda.no\/fogtps\/wp-json\/wp\/v2\/pages\/15"}],"wp:attachment":[{"href":"https:\/\/blogg.hivolda.no\/fogtps\/wp-json\/wp\/v2\/media?parent=254"}],"curies":[{"name":"wp","href":"https:\/\/api.w.org\/{rel}","templated":true}]}}