{"id":17,"date":"2017-02-17T09:38:14","date_gmt":"2017-02-17T08:38:14","guid":{"rendered":"https:\/\/blogg.hivolda.no\/fogtps\/?page_id=17"},"modified":"2019-10-10T10:37:53","modified_gmt":"2019-10-10T08:37:53","slug":"tekster-i-prosess-022017","status":"publish","type":"page","link":"https:\/\/blogg.hivolda.no\/fogtps\/eigne-samlingar\/tekster-i-prosess-022017\/","title":{"rendered":"Tekster i prosess 2017: Februar"},"content":{"rendered":"<h3>16\/2 2017 \u2013 Vestnes Fjordhotell<\/h3>\n<p>Innleiingsforedrag:<br \/>\n<strong>Trendar og ny kunnskap innan forsking p\u00e5 tverrprofesjonelt samarbeid<\/strong>.<br \/>\nv\/Atle \u00d8deg\u00e5rd, H\u00f8gskolen i Molde<\/p>\n<p><strong>Tverrprofesjonelt samarbeid i utdanning \u2013 utbytte for\u00a0 yrkesfeltet?<br \/>\n<\/strong>v\/Ann-Iren H\u00f8galmen og Roar Stokken, H\u00f8gskulen i Volda. <a href=\"https:\/\/blogg.hivolda.no\/fogtps\/wp-content\/uploads\/sites\/110\/2017\/02\/Abstrakt_H\u00f8galmen_TPSseminar_HVO.pdf\">Last ned pdf<\/a><\/p>\n<p><strong>Helseprofesjoners samhandling- en scoping studie.<br \/>\n<\/strong>v\/Erlend Vik, H\u00f8gskolen i Molde og H\u00f8gskulen i Volda. <a href=\"https:\/\/blogg.hivolda.no\/fogtps\/wp-content\/uploads\/sites\/110\/2017\/02\/Abstrakt_Vik_Helsprofesjoners_samhandling.pdf\">Last ned pdf<\/a><\/p>\n<p><strong>Empowerment og omsorg: Handtering av behandlingsstrategikonfliktar.<br \/>\n<\/strong>v\/Roar Stokken og Kunt Hunnes, H\u00f8gskulen i Volda. <a href=\"https:\/\/blogg.hivolda.no\/fogtps\/wp-content\/uploads\/sites\/110\/2017\/02\/Abstrakt_Stokken_RusPsykiatri.pdf\">Last ned pdf<\/a><\/p>\n<p><strong>Forvaltningens rutiner og klientenes hverdagsliv.<br \/>\n<\/strong>v\/Magne Holvik, H\u00f8gskolen i Molde. <a href=\"https:\/\/blogg.hivolda.no\/fogtps\/wp-content\/uploads\/sites\/110\/2017\/02\/Abstrakt_Holvik_Forvaltningens_rutiner.pdf\">Last ned pdf<\/a><\/p>\n<p><strong>Legers beslutningsmyndighet og utskrivningsklare pasienter.<\/strong><br \/>\nv\/Inger Cecilie Frisvoll, H\u00f8gskolen i Molde. <a href=\"https:\/\/blogg.hivolda.no\/fogtps\/wp-content\/uploads\/sites\/110\/2017\/02\/Abstrakt_Frisvoll_utskriving.pdf\">Last ned pdf<\/a><\/p>\n<p><strong>Tverrprofesjonelt samarbeid i helsefremmende og forebyggende arbeid i kommunesektoren.<\/strong><br \/>\nv\/ Inger Elisabeth Bergum og Elin Mordal, H\u00f8gskolen i Molde. <a href=\"https:\/\/blogg.hivolda.no\/fogtps\/wp-content\/uploads\/sites\/110\/2017\/02\/Abstrakt_Bergum_Startkurs_Diabetes.pdf\">Last ned pdf<\/a><\/p>\n<p><strong>Vurdering av taushetsplikt, meldeplikt og samarbeid i barnevernssaker.<\/strong><br \/>\nv\/Kjartan Leer-Salvesen, H\u00f8gskulen i Volda. <a href=\"https:\/\/blogg.hivolda.no\/fogtps\/wp-content\/uploads\/sites\/110\/2017\/02\/Abstrakt_Leer-Salvesen_Confidentiality-and-mandatory-reporting.pdf\">Last ned pdf<\/a><\/p>\n","protected":false},"excerpt":{"rendered":"<p>16\/2 2017 \u2013 Vestnes Fjordhotell Innleiingsforedrag: Trendar og ny kunnskap innan forsking p\u00e5 tverrprofesjonelt samarbeid. v\/Atle \u00d8deg\u00e5rd, H\u00f8gskolen i Molde Tverrprofesjonelt samarbeid i utdanning \u2013 utbytte for\u00a0 yrkesfeltet? v\/Ann-Iren H\u00f8galmen og Roar Stokken, H\u00f8gskulen i Volda. Last ned pdf Helseprofesjoners samhandling- en scoping studie. v\/Erlend Vik, H\u00f8gskolen i Molde og H\u00f8gskulen i Volda. Last ned &hellip; <\/p>\n<p class=\"link-more\"><a href=\"https:\/\/blogg.hivolda.no\/fogtps\/eigne-samlingar\/tekster-i-prosess-022017\/\" class=\"more-link\">Fortsett \u00e5 lese<span class=\"screen-reader-text\"> \u00abTekster i prosess 2017: Februar\u00bb<\/span><\/a><\/p>\n","protected":false},"author":86,"featured_media":0,"parent":15,"menu_order":0,"comment_status":"closed","ping_status":"closed","template":"","meta":{"footnotes":""},"post_mailing_queue_ids":[],"_links":{"self":[{"href":"https:\/\/blogg.hivolda.no\/fogtps\/wp-json\/wp\/v2\/pages\/17"}],"collection":[{"href":"https:\/\/blogg.hivolda.no\/fogtps\/wp-json\/wp\/v2\/pages"}],"about":[{"href":"https:\/\/blogg.hivolda.no\/fogtps\/wp-json\/wp\/v2\/types\/page"}],"author":[{"embeddable":true,"href":"https:\/\/blogg.hivolda.no\/fogtps\/wp-json\/wp\/v2\/users\/86"}],"replies":[{"embeddable":true,"href":"https:\/\/blogg.hivolda.no\/fogtps\/wp-json\/wp\/v2\/comments?post=17"}],"version-history":[{"count":7,"href":"https:\/\/blogg.hivolda.no\/fogtps\/wp-json\/wp\/v2\/pages\/17\/revisions"}],"predecessor-version":[{"id":530,"href":"https:\/\/blogg.hivolda.no\/fogtps\/wp-json\/wp\/v2\/pages\/17\/revisions\/530"}],"up":[{"embeddable":true,"href":"https:\/\/blogg.hivolda.no\/fogtps\/wp-json\/wp\/v2\/pages\/15"}],"wp:attachment":[{"href":"https:\/\/blogg.hivolda.no\/fogtps\/wp-json\/wp\/v2\/media?parent=17"}],"curies":[{"name":"wp","href":"https:\/\/api.w.org\/{rel}","templated":true}]}}