{"id":144,"date":"2018-02-22T13:28:51","date_gmt":"2018-02-22T12:28:51","guid":{"rendered":"https:\/\/blogg.hivolda.no\/fogtps\/?page_id=144"},"modified":"2019-10-10T10:38:49","modified_gmt":"2019-10-10T08:38:49","slug":"tekster-i-prosess-april-2018-program","status":"publish","type":"page","link":"https:\/\/blogg.hivolda.no\/fogtps\/eigne-samlingar\/tekster-i-prosess-april-2018-program\/","title":{"rendered":"Tekster i Prosess 2018: April"},"content":{"rendered":"<h2>Program:<\/h2>\n<p><a href=\"https:\/\/blogg.hivolda.no\/fogtps\/eigne-samlingar\/tekster-i-prosess-april-2018-program\/tekster-i-prosess-april-2018-abstrakt\/\">Abstrakt finn du her<\/a><\/p>\n<p><strong>1000-1025: Roar Stokken\u00a0<\/strong><br \/>\nInnleiingsf\u00f8redrag:\u00a0Perspektiv p\u00e5 l\u00e6ring i ein tverrprofesjonell kontekst<\/p>\n<p><strong>1025-1050: Helene Hoemsnes:<br \/>\n<\/strong>Artikkel til Fjordantologien og Fjordkonferansen: <em>Historiefortelling p\u00e5 tvers av profesjoner<br \/>\nF\u00f8rstekommentator: Ann-Iren H\u00f8galmen<br \/>\n<\/em><\/p>\n<p><strong>1050-1115:\u00a0Inger Cecilie Frisvoll og Turid Aarseth<br \/>\n<\/strong>Utskrivningspraksis sett i lys av beslutningsmodeller<br \/>\n<em>F\u00f8rstekommentator: Roar Stokken<\/em><em><br \/>\n<\/em><\/p>\n<p><strong style=\"font-size: 1rem\">1125-1150: \u00a0Atle \u00d8deg\u00e5rd<br \/>\n<\/strong><span lang=\"EN-US\">Collaboration in the transition from prison to society<br \/>\n<em>F\u00f8rstekommentator:\u00a0<i>Betina Haug Olson<\/i><\/em><\/span><\/p>\n<p><b>1150-1215: \u00a0Ann-Iren H\u00f8galmen<\/b><br \/>\nInnlegg p\u00e5 ATBH IX: <em>Interprofessional collaboration: decolonization of child protection services or not?<br \/>\nF\u00f8rstekommentator:\u00a0Hans Petter Iversen<br \/>\n<\/em><\/p>\n<p><strong>1215-1315: Lunsj<\/strong><\/p>\n<p><strong>1315-1340: Betina Haug Olson<br \/>\n<\/strong>Artikkel til Fjordantologien og Fjordkonferansen:\u00a0<em>Fasilitatorrolla som fremjar av tverrfagleg samhandlingkompetanse<\/em><br \/>\n<em>F\u00f8rstekommentator: Tone Hegdal<\/em><strong><br \/>\n<\/strong><\/p>\n<p><strong>1340-1405:\u00a0Tone Hegdal og Inger Elisabeth Bergum<br \/>\n<\/strong>Tverrprofesjonell samarbeidsl\u00e6ring for sykepleier- og vernepleierstudenter<br \/>\n<em>F\u00f8rstekommentator: Ellen Andenes<\/em><\/p>\n<p><strong>1415-1440: \u00a0Hans Petter Iversen<br \/>\n<\/strong>Et sosialt og relasjonelt perspektiv p\u00e5 ledelse av samarbeids- og innovasjonsprosesser<br \/>\n<em>F\u00f8rstekommentator: Roar Stokken<\/em><\/p>\n<p><strong>1440-1500: Oppsummering<\/strong><\/p>\n<h2>Deltakarar:<\/h2>\n<ul>\n<li>Ellen Andenes, HVO<\/li>\n<li>Inger Elisabeth Bergum, HiM<\/li>\n<li>Inger Cesilie Frisvoll, HiM<\/li>\n<li>Tone Hegdal, HiM<\/li>\n<li>Helene Hoemsnes, HiM<\/li>\n<li>Ann-Iren H\u00f8galmen, HVO<\/li>\n<li>Hans Petter Iversen, HiM<\/li>\n<li>Betina Haug Olsson, HVO<\/li>\n<li>Roar Stokken, HVO<\/li>\n<li>Atle \u00d8deg\u00e5rd, HiM<\/li>\n<li>Turid Aarseth, HiM<\/li>\n<\/ul>\n","protected":false},"excerpt":{"rendered":"<p>Program: Abstrakt finn du her 1000-1025: Roar Stokken\u00a0 Innleiingsf\u00f8redrag:\u00a0Perspektiv p\u00e5 l\u00e6ring i ein tverrprofesjonell kontekst 1025-1050: Helene Hoemsnes: Artikkel til Fjordantologien og Fjordkonferansen: Historiefortelling p\u00e5 tvers av profesjoner F\u00f8rstekommentator: Ann-Iren H\u00f8galmen 1050-1115:\u00a0Inger Cecilie Frisvoll og Turid Aarseth Utskrivningspraksis sett i lys av beslutningsmodeller F\u00f8rstekommentator: Roar Stokken 1125-1150: \u00a0Atle \u00d8deg\u00e5rd Collaboration in the transition from prison &hellip; <\/p>\n<p class=\"link-more\"><a href=\"https:\/\/blogg.hivolda.no\/fogtps\/eigne-samlingar\/tekster-i-prosess-april-2018-program\/\" class=\"more-link\">Fortsett \u00e5 lese<span class=\"screen-reader-text\"> \u00abTekster i Prosess 2018: April\u00bb<\/span><\/a><\/p>\n","protected":false},"author":86,"featured_media":0,"parent":15,"menu_order":0,"comment_status":"closed","ping_status":"closed","template":"","meta":{"footnotes":""},"post_mailing_queue_ids":[],"_links":{"self":[{"href":"https:\/\/blogg.hivolda.no\/fogtps\/wp-json\/wp\/v2\/pages\/144"}],"collection":[{"href":"https:\/\/blogg.hivolda.no\/fogtps\/wp-json\/wp\/v2\/pages"}],"about":[{"href":"https:\/\/blogg.hivolda.no\/fogtps\/wp-json\/wp\/v2\/types\/page"}],"author":[{"embeddable":true,"href":"https:\/\/blogg.hivolda.no\/fogtps\/wp-json\/wp\/v2\/users\/86"}],"replies":[{"embeddable":true,"href":"https:\/\/blogg.hivolda.no\/fogtps\/wp-json\/wp\/v2\/comments?post=144"}],"version-history":[{"count":23,"href":"https:\/\/blogg.hivolda.no\/fogtps\/wp-json\/wp\/v2\/pages\/144\/revisions"}],"predecessor-version":[{"id":532,"href":"https:\/\/blogg.hivolda.no\/fogtps\/wp-json\/wp\/v2\/pages\/144\/revisions\/532"}],"up":[{"embeddable":true,"href":"https:\/\/blogg.hivolda.no\/fogtps\/wp-json\/wp\/v2\/pages\/15"}],"wp:attachment":[{"href":"https:\/\/blogg.hivolda.no\/fogtps\/wp-json\/wp\/v2\/media?parent=144"}],"curies":[{"name":"wp","href":"https:\/\/api.w.org\/{rel}","templated":true}]}}