{"id":13,"date":"2017-02-17T09:37:09","date_gmt":"2017-02-17T08:37:09","guid":{"rendered":"https:\/\/blogg.hivolda.no\/fogtps\/?page_id=13"},"modified":"2018-01-22T14:14:56","modified_gmt":"2018-01-22T13:14:56","slug":"aktuelle-tidsskrift","status":"publish","type":"page","link":"https:\/\/blogg.hivolda.no\/fogtps\/aktuelle-tidsskrift\/","title":{"rendered":"Aktuelle tidsskrift"},"content":{"rendered":"<ul>\n<li><a href=\"http:\/\/www.tandfonline.com\/loi\/ijic20\">Journal of interprofessional care<br \/>\n<\/a>Tidsskriftet Journal of Interprofessional care (JIC) er ledende mht publisering av forskning p\u00e5 tverrprofesjonelt samarbeid \u2013 se vedlegg.JIC fikk i fjor tilsendt 553 manus og har en impact-faktor p\u00e5 2.456 (over fem \u00e5r). Susanne Lindqvist (prof II ved HiM) og Atle \u00d8deg\u00e5rd (prof HiM og UiS) er begge medredakt\u00f8rer i tidsskriftet. (<a href=\"https:\/\/blogg.hivolda.no\/fogtps\/wp-content\/uploads\/sites\/110\/2018\/01\/JIC-Flier-2017.pdf\">Flyer for tidsskriftet<\/a>)<\/li>\n<li><a href=\"http:\/\/www.ijic.org\/\">International journal of integrated care<\/a><\/li>\n<\/ul>\n","protected":false},"excerpt":{"rendered":"<p>Journal of interprofessional care Tidsskriftet Journal of Interprofessional care (JIC) er ledende mht publisering av forskning p\u00e5 tverrprofesjonelt samarbeid \u2013 se vedlegg.JIC fikk i fjor tilsendt 553 manus og har en impact-faktor p\u00e5 2.456 (over fem \u00e5r). Susanne Lindqvist (prof II ved HiM) og Atle \u00d8deg\u00e5rd (prof HiM og UiS) er begge medredakt\u00f8rer i tidsskriftet. &hellip; <\/p>\n<p class=\"link-more\"><a href=\"https:\/\/blogg.hivolda.no\/fogtps\/aktuelle-tidsskrift\/\" class=\"more-link\">Fortsett \u00e5 lese<span class=\"screen-reader-text\"> \u00abAktuelle tidsskrift\u00bb<\/span><\/a><\/p>\n","protected":false},"author":86,"featured_media":0,"parent":0,"menu_order":0,"comment_status":"closed","ping_status":"closed","template":"","meta":{"footnotes":""},"post_mailing_queue_ids":[],"_links":{"self":[{"href":"https:\/\/blogg.hivolda.no\/fogtps\/wp-json\/wp\/v2\/pages\/13"}],"collection":[{"href":"https:\/\/blogg.hivolda.no\/fogtps\/wp-json\/wp\/v2\/pages"}],"about":[{"href":"https:\/\/blogg.hivolda.no\/fogtps\/wp-json\/wp\/v2\/types\/page"}],"author":[{"embeddable":true,"href":"https:\/\/blogg.hivolda.no\/fogtps\/wp-json\/wp\/v2\/users\/86"}],"replies":[{"embeddable":true,"href":"https:\/\/blogg.hivolda.no\/fogtps\/wp-json\/wp\/v2\/comments?post=13"}],"version-history":[{"count":3,"href":"https:\/\/blogg.hivolda.no\/fogtps\/wp-json\/wp\/v2\/pages\/13\/revisions"}],"predecessor-version":[{"id":96,"href":"https:\/\/blogg.hivolda.no\/fogtps\/wp-json\/wp\/v2\/pages\/13\/revisions\/96"}],"wp:attachment":[{"href":"https:\/\/blogg.hivolda.no\/fogtps\/wp-json\/wp\/v2\/media?parent=13"}],"curies":[{"name":"wp","href":"https:\/\/api.w.org\/{rel}","templated":true}]}}