{"id":2,"date":"2015-09-15T13:47:46","date_gmt":"2015-09-15T11:47:46","guid":{"rendered":"http:\/\/blogg.hivolda.no\/beta\/?page_id=2"},"modified":"2017-03-29T11:24:35","modified_gmt":"2017-03-29T09:24:35","slug":"omoss","status":"publish","type":"page","link":"https:\/\/blogg.hivolda.no\/beta\/omoss\/","title":{"rendered":"Om oss"},"content":{"rendered":"<p><strong>St\u00f8ttemilj\u00f8et for e-l\u00e6ring skal hjelpe tilsette ved H\u00f8gskulen i Volda \u00e5 utvikle og ta i bruk teknologi i oppl\u00e6ringa.<br \/>\n<\/strong><\/p>\n<p>&nbsp;<\/p>\n<p>Dette kan vi hjelpe med:<\/p>\n<p><strong>Undervisningsopptak<\/strong><br \/>\nVideo- og lydopptak av forelesningar hjelper studentane<\/p>\n<p>Skjermopptak (screencast) &#8211; opptak av skjermbildet p\u00e5 ei datamaskin og stemma, og evt bilde av, til forelesaren.<\/p>\n<p>Undervisningsopptak &#8211; opptak av undervisningssekvensar, samhandling mellom l\u00e6rar og studentar (BK 225 og Aa 113)<\/p>\n<p>Opptak i studio<\/p>\n<p><strong>Nettbasert samhandling<\/strong><br \/>\nSosial samhandling mellom studentane og mellom studentar og l\u00e6rar er heilt sentralt for \u00e5 fremje gode l\u00e6reprosessar. Vi tilbyr fleire verkt\u00f8y der stude<\/p>\n<p><strong>Utvikle studietilbod<\/strong><br \/>\nDet er viktig at arbeidsm\u00e5tane i faget vert presenterte i emneplanane. om \u00e5 vidareutvikle eksisterande undervisningstilbod og opprette nye emner som gjer bruk av digitale l\u00e6ringsformer. Bruk av teknologi i oppl\u00e6ring a<\/p>\n<p><strong>\u00d8konomisk st\u00f8tte<\/strong><br \/>\nVi lyser ut pilotmidlar for \u00e5 stimulere til auka bruk av digitale verkt\u00f8y i oppl\u00e6ringa. Utpr\u00f8ving av digitale l\u00e6ringsformer gir dei tilsette nye erfaringar og dermed auka kompetanse p\u00e5 feltet. Pilotane vert utvikla som eit samarbeid mellom dei emneansvarlege og st\u00f8tteeininga for e-l\u00e6ring.<\/p>\n<p>Vi rettleier s\u00f8knadsskriving om eksterne midlar og vi kan vere administrativ prosjektleiar i prosjekt som fremjar bruk av teknologi i undervisning og fleksibel utdannigng. Norgesuniversietetet forvaltningsorganet til Kunnskapsdepartementet og vi er<\/p>\n<p>Ta kontakt med oss: <a href=\"mailto:beta@hivolda.no\">beta@hivolda.no<\/a><\/p>\n<p>\/\/<\/p>\n","protected":false},"excerpt":{"rendered":"<p>St\u00f8ttemilj\u00f8et for e-l\u00e6ring skal hjelpe tilsette ved H\u00f8gskulen i Volda \u00e5 utvikle og ta i bruk teknologi i oppl\u00e6ringa. &nbsp; Dette kan vi hjelpe med: Undervisningsopptak Video- og lydopptak av forelesningar hjelper studentane Skjermopptak (screencast) &#8211; opptak av skjermbildet p\u00e5 ei datamaskin og stemma, og evt bilde av, til forelesaren. Undervisningsopptak &#8211; opptak av undervisningssekvensar, &hellip; <\/p>\n<p class=\"link-more\"><a href=\"https:\/\/blogg.hivolda.no\/beta\/omoss\/\" class=\"more-link\">Fortsett \u00e5 lese<span class=\"screen-reader-text\"> \u00abOm oss\u00bb<\/span><\/a><\/p>\n","protected":false},"author":21,"featured_media":0,"parent":0,"menu_order":0,"comment_status":"open","ping_status":"open","template":"","meta":{"footnotes":""},"post_mailing_queue_ids":[],"_links":{"self":[{"href":"https:\/\/blogg.hivolda.no\/beta\/wp-json\/wp\/v2\/pages\/2"}],"collection":[{"href":"https:\/\/blogg.hivolda.no\/beta\/wp-json\/wp\/v2\/pages"}],"about":[{"href":"https:\/\/blogg.hivolda.no\/beta\/wp-json\/wp\/v2\/types\/page"}],"author":[{"embeddable":true,"href":"https:\/\/blogg.hivolda.no\/beta\/wp-json\/wp\/v2\/users\/21"}],"replies":[{"embeddable":true,"href":"https:\/\/blogg.hivolda.no\/beta\/wp-json\/wp\/v2\/comments?post=2"}],"version-history":[{"count":13,"href":"https:\/\/blogg.hivolda.no\/beta\/wp-json\/wp\/v2\/pages\/2\/revisions"}],"predecessor-version":[{"id":253,"href":"https:\/\/blogg.hivolda.no\/beta\/wp-json\/wp\/v2\/pages\/2\/revisions\/253"}],"wp:attachment":[{"href":"https:\/\/blogg.hivolda.no\/beta\/wp-json\/wp\/v2\/media?parent=2"}],"curies":[{"name":"wp","href":"https:\/\/api.w.org\/{rel}","templated":true}]}}